{"id":252,"date":"2023-05-23T17:23:12","date_gmt":"2023-05-23T17:23:12","guid":{"rendered":"https:\/\/holundermaerchenmaedchen.com\/?page_id=252"},"modified":"2025-11-24T09:19:07","modified_gmt":"2025-11-24T09:19:07","slug":"lachyoga-termine-lachyoga-termine-in-ostfriesland","status":"publish","type":"page","link":"https:\/\/holundermaerchenmaedchen.com\/?page_id=252","title":{"rendered":"Lachyoga Termine S\u00fcdbrookmerland (Kreis Aurich)"},"content":{"rendered":"\n<h2 class=\"wp-block-heading\">Lachyoga in Ostfriesland &#8211; frisch renoviert und motiviert.<\/h2>\n\n\n\n<p>Unter dem Termin findet ihr Hinweise, warum ich in diesem Jahr das Thema \u201eRenovierung\u201c in den Vordergund gestellt habe und wo und wie ihr Euch anmelden k\u00f6nnt. Bitte beachtet auch die Hinweise zur Teilnahmevoraussetzung, Kleidung und Gesundheit.<\/p>\n\n\n\n<h2 class=\"wp-block-heading\">Termine und Angebote 2025<\/h2>\n\n\n\n<figure class=\"wp-block-table\"><table><tbody><tr><td>Tag<\/td><td>Datum<\/td><td>Uhrzeit<\/td><td>Themen<\/td><td>Tarif  proPerson<\/td><\/tr><tr><td>Donnerstag<\/td><td>04.09.2025<\/td><td>15:00 &#8211; 16:00<\/td><td>Optimismus, F\u00fclle, positive Visionen f\u00f6rdern<br>Motto: <\/td><td>12:00 \u20ac<\/td><\/tr><tr><td>Freitag<\/td><td>05.09.2025<\/td><td>15:00 &#8211; 16:00<\/td><td>liebevolle herz\u00f6ffnende Lachyoga-Praxis zur Steigerung des Wohlbefindens und der inneren Harmonie. <br>Motto: <\/td><td>12:00 \u20ac<\/td><\/tr><tr><td>Sonntag<\/td><td>07.09.2025<\/td><td>11:00 &#8211; 12:00 <\/td><td>Lachyoga-Praxis mit viel Energie f\u00fcr mehr Lebensfreude, Steigerung der Vitalit\u00e4t und Strahlkraft um das innere Licht leuchten zu lassen. <br>Motto: <\/td><td>12:00 \u20ac<\/td><\/tr><tr><td><\/td><td>individuell planbar<\/td><td><\/td><td>Mutter-Kind Lachyogakreis<\/td><td><\/td><\/tr><tr><td><\/td><td>individuell planbar<\/td><td><\/td><td>Lachspazierg\u00e4nge f\u00fcr Firmen-Events<\/td><td><\/td><\/tr><tr><td><\/td><td>individuell planbar<\/td><td><\/td><td>Du hast selbst ein Thema das Du mal ordentlich durchlachen m\u00f6chtest &#8211; Immer her damit &#8211; ich gestalte Dir das Programm ganz nach Deinen pers\u00f6nlichen Anliegen. <\/td><td><\/td><\/tr><\/tbody><\/table><figcaption class=\"wp-element-caption\">Lachtermine gegen Renvoierungsstre\u00df und andere Nervt\u00f6ter<\/figcaption><\/figure>\n\n\n\n<p>Wer schon einmal renoviert hat, wei\u00df: Es ist wie ein Marathon f\u00fcr die Nerven \u2013 Staub, L\u00e4rm und \u00fcberraschende Wendungen inklusive! Wir sind seid 2024 Wahlostfriesen und seitdem dabei ein Siedlungsh\u00e4uschen aus dem Jahre 1968 zu sanieren \/ renovieren.<\/p>\n\n\n\n<p>Au\u00dferdem haben wir vor ca. 25 Jahren unser erstes Haus in Eigenregie gebaut. Auch die R\u00e4umlichkeiten unserer IT-Firma haben wir  neu gestaltet und stets an an die Anforderungen angepasst. Deshalb wei\u00df ich sehr genau, wie stressig bauliche Ver\u00e4nderungen im oder am Eigenheim sein k\u00f6nnen. <br><br>Bei uns zum Bespiel hat alles hat viel l\u00e4nger gedauert als gedacht und die eine oder andere unsch\u00f6ne \u00dcberraschung hat so manchen Nerv blank gelegt. Gar nicht so leicht, da immer positiv und humorvoll zu bleiben &#8211; aber auf jeden Fall besser f\u00fcr die Gesundheit und die emotionale Verfassung. Umso besser, wenn man in dieser Zeit sehr gut f\u00fcr sich sorgt und die Selbstf\u00fcrsorge sehr ernst nimmt.<br><br>Genau deshalb freue ich mich jetzt umso mehr, euch endlich zu meinen neuen Lachyoga-Programm einladen zu k\u00f6nnen, auch wenn im Haus noch nicht alles ganz fertig ist.<\/p>\n\n\n\n<p>Denn Lachen ist das beste Gegenmittel gegen Renovierungsstress, Alltagsfrust und nervige \u00dcberraschungen. Kommt vorbei, sch\u00fcttelt den Staub ab und tankt neue Energie \u2013 mit jeder Menge Spa\u00df und herzhaftem Lachen! <\/p>\n\n\n\n<p>PS: nat\u00fcrlich sind auch alle herzlich willkommen, die gerade kein Wohnprojekt stemmen. Zudem biete ich ja immer noch die m\u00e4rchenhafte Themenpakete und Workshops zu ganz individuell planbaren Terminen an.<\/p>\n\n\n\n<p>Also, lasst uns gemeinsam die Lachmuskeln trainieren und den Kopf frei bekommen. Schau in der Tabelle was am Besten zu Dir passt und melde Dich doch einfach mal an.<\/p>\n\n\n\n<p>Ich freue mich auf euch und viele heitere Stunden! <\/p>\n\n\n\n<p>Eure Petra<\/p>\n\n\n\n<h2 class=\"wp-block-heading\">Anmeldung: <\/h2>\n\n\n\n<p>Bei Interesse bitte ich um vorherige Anmeldung, da die Teilnehmerzahl begrenzt ist.<br>Mobil: 0151-11334212 (gerne per SMS oder Sprachnachricht)<br>E-Mail:&nbsp;<a href=\"mailto:p.jurgeit@icloud.com\" target=\"_blank\" rel=\"noreferrer noopener\">p.jurgeit@icloud.com<\/a><\/p>\n\n\n\n<h2 class=\"wp-block-heading\">Kleidung: <\/h2>\n\n\n\n<p>Im Lachyoga brauchst Du kein spezielles Trainings-Outfit! <br>F\u00fcr die Lach- und Atem\u00fcbungen empfiehlt es sich, lockere und bequeme Kleidung zu tragen. Die Hosen sollten dabei bis knapp unter den Bauchnabel reichen, um die Bewegungsfreiheit im Unterbauch nicht einzuschr\u00e4nken. Auch enge G\u00fcrtel sollten vermieden werden, da sie die Beweglichkeit der Bauchmuskulatur beeintr\u00e4chtigen k\u00f6nnen.<\/p>\n\n\n\n<hr class=\"wp-block-separator has-alpha-channel-opacity\"\/>\n\n\n\n<h2 class=\"wp-block-heading\">Gesundheitliche Hinweise.<\/h2>\n\n\n\n<p>Lachen ist nicht nur mega spa\u00dfig, sondern auch richtig gesund! Es kann sogar vorbeugend wirken und beim Gesundwerden helfen. Bevor du jetzt loslachst wie ein Weltmeister, check lieber kurz ab, ob Lachyoga f\u00fcr dich okay ist. Gerade wenn du zum Beispiel einen Zwerchfellbruch, Bluthochdruck, Angina pectoris, Aneurysma, Glaukom, Rippenbruch, Hernien, Inkontinenz, Bandscheibenvorfall oder so hast \u2013 oder wenn du gerade schwere Depressionen hast, Psychopharmaka nimmst oder in Psychotherapie bist \u2013 dann frag am besten vorher deinen Arzt oder Therapeuten und frag mal nach worauf Du dabei zu achten hast. <\/p>\n\n\n\n<h2 class=\"wp-block-heading\"><br>Wann ist Lachyoga ein No-Go?<\/h2>\n\n\n\n<p>Wenn du gerade eine akute Atemwegs- oder Virusinfektion hast, manisch-depressiv bist, an Schizophrenie leidest oder schwanger bist, dann solltest du mit Lachyoga lieber noch warten. Sicherheit geht vor \u2013 lach dich gesund, aber mit K\u00f6pfchen!<\/p>\n","protected":false},"excerpt":{"rendered":"<p>Lachyoga in Ostfriesland &#8211; frisch renoviert und motiviert. Unter dem Termin findet ihr Hinweise, warum ich in diesem Jahr das Thema \u201eRenovierung\u201c in den Vordergund gestellt habe und wo und wie ihr Euch anmelden k\u00f6nnt. Bitte beachtet auch die Hinweise zur Teilnahmevoraussetzung, Kleidung und Gesundheit. Termine und Angebote 2025 Tag Datum Uhrzeit Themen Tarif proPerson &hellip; <\/p>\n<p class=\"link-more\"><a href=\"https:\/\/holundermaerchenmaedchen.com\/?page_id=252\" class=\"more-link\"><span class=\"screen-reader-text\">\u201eLachyoga Termine S\u00fcdbrookmerland (Kreis Aurich)\u201c<\/span> weiterlesen<\/a><\/p>\n","protected":false},"author":2,"featured_media":819,"parent":0,"menu_order":0,"comment_status":"closed","ping_status":"closed","template":"","meta":{"footnotes":""},"class_list":["post-252","page","type-page","status-publish","has-post-thumbnail","hentry"],"yoast_head":"<!-- This site is optimized with the Yoast SEO plugin v27.3 - https:\/\/yoast.com\/product\/yoast-seo-wordpress\/ -->\n<title>Lachyoga Termine S\u00fcdbrookmerland (Kreis Aurich) - Lachen \u00fcben und die Seele streicheln mit Petra Jurgeit Lachyoga Termine S\u00fcdbrookmerland (Kreis Aurich)<\/title>\n<meta name=\"description\" content=\"Erfahre mehr \u00fcber die Lachyoga Termine in S\u00fcdbrookmerland, in Ostfriesland N\u00e4he Aurich und die Teilnahmevoraussetzungen f\u00fcr die Sessions.\" \/>\n<meta name=\"robots\" content=\"index, follow, max-snippet:-1, max-image-preview:large, max-video-preview:-1\" \/>\n<link rel=\"canonical\" href=\"https:\/\/holundermaerchenmaedchen.com\/?page_id=252\" \/>\n<meta property=\"og:locale\" content=\"de_DE\" \/>\n<meta property=\"og:type\" content=\"article\" \/>\n<meta property=\"og:title\" content=\"Lachyoga Termine S\u00fcdbrookmerland (Kreis Aurich) - Lachen \u00fcben und die Seele streicheln mit Petra Jurgeit Lachyoga Termine S\u00fcdbrookmerland (Kreis Aurich)\" \/>\n<meta property=\"og:description\" content=\"Erfahre mehr \u00fcber die Lachyoga Termine in S\u00fcdbrookmerland, in Ostfriesland N\u00e4he Aurich und die Teilnahmevoraussetzungen f\u00fcr die Sessions.\" \/>\n<meta property=\"og:url\" content=\"https:\/\/holundermaerchenmaedchen.com\/?page_id=252\" \/>\n<meta property=\"og:site_name\" content=\"Lachen \u00fcben und die Seele streicheln mit Petra Jurgeit\" \/>\n<meta property=\"article:modified_time\" content=\"2025-11-24T09:19:07+00:00\" \/>\n<meta property=\"og:image\" content=\"https:\/\/holundermaerchenmaedchen.com\/wp-content\/uploads\/2025\/06\/Termine-fuer-mehr-Leichtigkeit-und-Freude-1024x579.png\" \/>\n\t<meta property=\"og:image:width\" content=\"1024\" \/>\n\t<meta property=\"og:image:height\" content=\"579\" \/>\n\t<meta property=\"og:image:type\" content=\"image\/png\" \/>\n<meta name=\"twitter:card\" content=\"summary_large_image\" \/>\n<meta name=\"twitter:label1\" content=\"Gesch\u00e4tzte Lesezeit\" \/>\n\t<meta name=\"twitter:data1\" content=\"4\u00a0Minuten\" \/>\n<script type=\"application\/ld+json\" class=\"yoast-schema-graph\">{\"@context\":\"https:\\\/\\\/schema.org\",\"@graph\":[{\"@type\":\"WebPage\",\"@id\":\"https:\\\/\\\/holundermaerchenmaedchen.com\\\/?page_id=252\",\"url\":\"https:\\\/\\\/holundermaerchenmaedchen.com\\\/?page_id=252\",\"name\":\"Lachyoga Termine S\u00fcdbrookmerland (Kreis Aurich) - Lachen \u00fcben und die Seele streicheln mit Petra Jurgeit Lachyoga Termine S\u00fcdbrookmerland (Kreis Aurich)\",\"isPartOf\":{\"@id\":\"https:\\\/\\\/holundermaerchenmaedchen.com\\\/#website\"},\"primaryImageOfPage\":{\"@id\":\"https:\\\/\\\/holundermaerchenmaedchen.com\\\/?page_id=252#primaryimage\"},\"image\":{\"@id\":\"https:\\\/\\\/holundermaerchenmaedchen.com\\\/?page_id=252#primaryimage\"},\"thumbnailUrl\":\"https:\\\/\\\/holundermaerchenmaedchen.com\\\/wp-content\\\/uploads\\\/2025\\\/06\\\/Termine-fuer-mehr-Leichtigkeit-und-Freude.png\",\"datePublished\":\"2023-05-23T17:23:12+00:00\",\"dateModified\":\"2025-11-24T09:19:07+00:00\",\"description\":\"Erfahre mehr \u00fcber die Lachyoga Termine in S\u00fcdbrookmerland, in Ostfriesland N\u00e4he Aurich und die Teilnahmevoraussetzungen f\u00fcr die Sessions.\",\"breadcrumb\":{\"@id\":\"https:\\\/\\\/holundermaerchenmaedchen.com\\\/?page_id=252#breadcrumb\"},\"inLanguage\":\"de\",\"potentialAction\":[{\"@type\":\"ReadAction\",\"target\":[\"https:\\\/\\\/holundermaerchenmaedchen.com\\\/?page_id=252\"]}]},{\"@type\":\"ImageObject\",\"inLanguage\":\"de\",\"@id\":\"https:\\\/\\\/holundermaerchenmaedchen.com\\\/?page_id=252#primaryimage\",\"url\":\"https:\\\/\\\/holundermaerchenmaedchen.com\\\/wp-content\\\/uploads\\\/2025\\\/06\\\/Termine-fuer-mehr-Leichtigkeit-und-Freude.png\",\"contentUrl\":\"https:\\\/\\\/holundermaerchenmaedchen.com\\\/wp-content\\\/uploads\\\/2025\\\/06\\\/Termine-fuer-mehr-Leichtigkeit-und-Freude.png\",\"width\":1472,\"height\":832},{\"@type\":\"BreadcrumbList\",\"@id\":\"https:\\\/\\\/holundermaerchenmaedchen.com\\\/?page_id=252#breadcrumb\",\"itemListElement\":[{\"@type\":\"ListItem\",\"position\":1,\"name\":\"Startseite\",\"item\":\"https:\\\/\\\/holundermaerchenmaedchen.com\\\/\"},{\"@type\":\"ListItem\",\"position\":2,\"name\":\"Lachyoga Termine S\u00fcdbrookmerland (Kreis Aurich)\"}]},{\"@type\":\"WebSite\",\"@id\":\"https:\\\/\\\/holundermaerchenmaedchen.com\\\/#website\",\"url\":\"https:\\\/\\\/holundermaerchenmaedchen.com\\\/\",\"name\":\"Lachen \u00fcben und die Seele streicheln mit Petra Jurgeit\",\"description\":\"m\u00e4rchenhaft und verspielt zur Inneren Heiterkeit\",\"publisher\":{\"@id\":\"https:\\\/\\\/holundermaerchenmaedchen.com\\\/#\\\/schema\\\/person\\\/b9830c0b2b824fa31a5b0c1c59cbdf16\"},\"alternateName\":\"Lach- und Seelentraining\",\"potentialAction\":[{\"@type\":\"SearchAction\",\"target\":{\"@type\":\"EntryPoint\",\"urlTemplate\":\"https:\\\/\\\/holundermaerchenmaedchen.com\\\/?s={search_term_string}\"},\"query-input\":{\"@type\":\"PropertyValueSpecification\",\"valueRequired\":true,\"valueName\":\"search_term_string\"}}],\"inLanguage\":\"de\"},{\"@type\":[\"Person\",\"Organization\"],\"@id\":\"https:\\\/\\\/holundermaerchenmaedchen.com\\\/#\\\/schema\\\/person\\\/b9830c0b2b824fa31a5b0c1c59cbdf16\",\"name\":\"Petra Jurgeit\",\"image\":{\"@type\":\"ImageObject\",\"inLanguage\":\"de\",\"@id\":\"https:\\\/\\\/holundermaerchenmaedchen.com\\\/wp-content\\\/uploads\\\/2023\\\/05\\\/cropped-IMG_4393-2.jpeg\",\"url\":\"https:\\\/\\\/holundermaerchenmaedchen.com\\\/wp-content\\\/uploads\\\/2023\\\/05\\\/cropped-IMG_4393-2.jpeg\",\"contentUrl\":\"https:\\\/\\\/holundermaerchenmaedchen.com\\\/wp-content\\\/uploads\\\/2023\\\/05\\\/cropped-IMG_4393-2.jpeg\",\"width\":250,\"height\":250,\"caption\":\"Petra Jurgeit\"},\"logo\":{\"@id\":\"https:\\\/\\\/holundermaerchenmaedchen.com\\\/wp-content\\\/uploads\\\/2023\\\/05\\\/cropped-IMG_4393-2.jpeg\"},\"sameAs\":[\"https:\\\/\\\/holundermaerchenmaedchen.com\"]}]}<\/script>\n<!-- \/ Yoast SEO plugin. -->","yoast_head_json":{"title":"Lachyoga Termine S\u00fcdbrookmerland (Kreis Aurich) - Lachen \u00fcben und die Seele streicheln mit Petra Jurgeit Lachyoga Termine S\u00fcdbrookmerland (Kreis Aurich)","description":"Erfahre mehr \u00fcber die Lachyoga Termine in S\u00fcdbrookmerland, in Ostfriesland N\u00e4he Aurich und die Teilnahmevoraussetzungen f\u00fcr die Sessions.","robots":{"index":"index","follow":"follow","max-snippet":"max-snippet:-1","max-image-preview":"max-image-preview:large","max-video-preview":"max-video-preview:-1"},"canonical":"https:\/\/holundermaerchenmaedchen.com\/?page_id=252","og_locale":"de_DE","og_type":"article","og_title":"Lachyoga Termine S\u00fcdbrookmerland (Kreis Aurich) - Lachen \u00fcben und die Seele streicheln mit Petra Jurgeit Lachyoga Termine S\u00fcdbrookmerland (Kreis Aurich)","og_description":"Erfahre mehr \u00fcber die Lachyoga Termine in S\u00fcdbrookmerland, in Ostfriesland N\u00e4he Aurich und die Teilnahmevoraussetzungen f\u00fcr die Sessions.","og_url":"https:\/\/holundermaerchenmaedchen.com\/?page_id=252","og_site_name":"Lachen \u00fcben und die Seele streicheln mit Petra Jurgeit","article_modified_time":"2025-11-24T09:19:07+00:00","og_image":[{"width":1024,"height":579,"url":"https:\/\/holundermaerchenmaedchen.com\/wp-content\/uploads\/2025\/06\/Termine-fuer-mehr-Leichtigkeit-und-Freude-1024x579.png","type":"image\/png"}],"twitter_card":"summary_large_image","twitter_misc":{"Gesch\u00e4tzte Lesezeit":"4\u00a0Minuten"},"schema":{"@context":"https:\/\/schema.org","@graph":[{"@type":"WebPage","@id":"https:\/\/holundermaerchenmaedchen.com\/?page_id=252","url":"https:\/\/holundermaerchenmaedchen.com\/?page_id=252","name":"Lachyoga Termine S\u00fcdbrookmerland (Kreis Aurich) - Lachen \u00fcben und die Seele streicheln mit Petra Jurgeit Lachyoga Termine S\u00fcdbrookmerland (Kreis Aurich)","isPartOf":{"@id":"https:\/\/holundermaerchenmaedchen.com\/#website"},"primaryImageOfPage":{"@id":"https:\/\/holundermaerchenmaedchen.com\/?page_id=252#primaryimage"},"image":{"@id":"https:\/\/holundermaerchenmaedchen.com\/?page_id=252#primaryimage"},"thumbnailUrl":"https:\/\/holundermaerchenmaedchen.com\/wp-content\/uploads\/2025\/06\/Termine-fuer-mehr-Leichtigkeit-und-Freude.png","datePublished":"2023-05-23T17:23:12+00:00","dateModified":"2025-11-24T09:19:07+00:00","description":"Erfahre mehr \u00fcber die Lachyoga Termine in S\u00fcdbrookmerland, in Ostfriesland N\u00e4he Aurich und die Teilnahmevoraussetzungen f\u00fcr die Sessions.","breadcrumb":{"@id":"https:\/\/holundermaerchenmaedchen.com\/?page_id=252#breadcrumb"},"inLanguage":"de","potentialAction":[{"@type":"ReadAction","target":["https:\/\/holundermaerchenmaedchen.com\/?page_id=252"]}]},{"@type":"ImageObject","inLanguage":"de","@id":"https:\/\/holundermaerchenmaedchen.com\/?page_id=252#primaryimage","url":"https:\/\/holundermaerchenmaedchen.com\/wp-content\/uploads\/2025\/06\/Termine-fuer-mehr-Leichtigkeit-und-Freude.png","contentUrl":"https:\/\/holundermaerchenmaedchen.com\/wp-content\/uploads\/2025\/06\/Termine-fuer-mehr-Leichtigkeit-und-Freude.png","width":1472,"height":832},{"@type":"BreadcrumbList","@id":"https:\/\/holundermaerchenmaedchen.com\/?page_id=252#breadcrumb","itemListElement":[{"@type":"ListItem","position":1,"name":"Startseite","item":"https:\/\/holundermaerchenmaedchen.com\/"},{"@type":"ListItem","position":2,"name":"Lachyoga Termine S\u00fcdbrookmerland (Kreis Aurich)"}]},{"@type":"WebSite","@id":"https:\/\/holundermaerchenmaedchen.com\/#website","url":"https:\/\/holundermaerchenmaedchen.com\/","name":"Lachen \u00fcben und die Seele streicheln mit Petra Jurgeit","description":"m\u00e4rchenhaft und verspielt zur Inneren Heiterkeit","publisher":{"@id":"https:\/\/holundermaerchenmaedchen.com\/#\/schema\/person\/b9830c0b2b824fa31a5b0c1c59cbdf16"},"alternateName":"Lach- und Seelentraining","potentialAction":[{"@type":"SearchAction","target":{"@type":"EntryPoint","urlTemplate":"https:\/\/holundermaerchenmaedchen.com\/?s={search_term_string}"},"query-input":{"@type":"PropertyValueSpecification","valueRequired":true,"valueName":"search_term_string"}}],"inLanguage":"de"},{"@type":["Person","Organization"],"@id":"https:\/\/holundermaerchenmaedchen.com\/#\/schema\/person\/b9830c0b2b824fa31a5b0c1c59cbdf16","name":"Petra Jurgeit","image":{"@type":"ImageObject","inLanguage":"de","@id":"https:\/\/holundermaerchenmaedchen.com\/wp-content\/uploads\/2023\/05\/cropped-IMG_4393-2.jpeg","url":"https:\/\/holundermaerchenmaedchen.com\/wp-content\/uploads\/2023\/05\/cropped-IMG_4393-2.jpeg","contentUrl":"https:\/\/holundermaerchenmaedchen.com\/wp-content\/uploads\/2023\/05\/cropped-IMG_4393-2.jpeg","width":250,"height":250,"caption":"Petra Jurgeit"},"logo":{"@id":"https:\/\/holundermaerchenmaedchen.com\/wp-content\/uploads\/2023\/05\/cropped-IMG_4393-2.jpeg"},"sameAs":["https:\/\/holundermaerchenmaedchen.com"]}]}},"jetpack_likes_enabled":true,"jetpack_sharing_enabled":true,"_links":{"self":[{"href":"https:\/\/holundermaerchenmaedchen.com\/index.php?rest_route=\/wp\/v2\/pages\/252","targetHints":{"allow":["GET"]}}],"collection":[{"href":"https:\/\/holundermaerchenmaedchen.com\/index.php?rest_route=\/wp\/v2\/pages"}],"about":[{"href":"https:\/\/holundermaerchenmaedchen.com\/index.php?rest_route=\/wp\/v2\/types\/page"}],"author":[{"embeddable":true,"href":"https:\/\/holundermaerchenmaedchen.com\/index.php?rest_route=\/wp\/v2\/users\/2"}],"replies":[{"embeddable":true,"href":"https:\/\/holundermaerchenmaedchen.com\/index.php?rest_route=%2Fwp%2Fv2%2Fcomments&post=252"}],"version-history":[{"count":49,"href":"https:\/\/holundermaerchenmaedchen.com\/index.php?rest_route=\/wp\/v2\/pages\/252\/revisions"}],"predecessor-version":[{"id":1059,"href":"https:\/\/holundermaerchenmaedchen.com\/index.php?rest_route=\/wp\/v2\/pages\/252\/revisions\/1059"}],"wp:featuredmedia":[{"embeddable":true,"href":"https:\/\/holundermaerchenmaedchen.com\/index.php?rest_route=\/wp\/v2\/media\/819"}],"wp:attachment":[{"href":"https:\/\/holundermaerchenmaedchen.com\/index.php?rest_route=%2Fwp%2Fv2%2Fmedia&parent=252"}],"curies":[{"name":"wp","href":"https:\/\/api.w.org\/{rel}","templated":true}]}}