{"id":347,"date":"2023-06-03T17:36:32","date_gmt":"2023-06-03T17:36:32","guid":{"rendered":"https:\/\/holundermaerchenmaedchen.com\/?page_id=347"},"modified":"2025-11-24T09:35:42","modified_gmt":"2025-11-24T09:35:42","slug":"zertifikate","status":"publish","type":"page","link":"https:\/\/holundermaerchenmaedchen.com\/?page_id=347","title":{"rendered":"Zertifikate"},"content":{"rendered":"\n<p><br><br>Mit \u00fcber 20 Jahren Berufserfahrung und zahlreichen&nbsp;<strong>Zertifikaten in LachYoga, psychologischer Beratung und systemischem Coaching<\/strong>&nbsp;biete ich dir fundiertes Fachwissen und eine ganzheitliche Begleitung. Meine Ausbildungen umfassen unter anderem die&nbsp;<strong>Zertifizierung als LachYoga-Leiterin<\/strong>(Lachschmiede Claudia Lippkau), die Qualifikation als&nbsp;<strong>psychologische Beraterin VFP<\/strong>&nbsp;sowie die Weiterbildung in&nbsp;<strong>systemischer Therapie und Beratung<\/strong>&nbsp;(Systemix Engelmann und Bach).<\/p>\n\n\n\n<p>Dar\u00fcber hinaus bringe ich langj\u00e4hrige Erfahrung als Unternehmerin, F\u00fchrungskraft und Ausbilderin mit, die meine Arbeit im Bereich&nbsp;<strong>Coaching, Training und pers\u00f6nliche Entwicklung<\/strong>&nbsp;bereichern. Diese Kombination aus fundierter Ausbildung und praktischer Erfahrung macht mein Angebot einzigartig und wirkungsvoll.<\/p>\n\n\n\n<p>M\u00f6chtest du mehr \u00fcber meine Qualifikationen und mein individuelles Coaching- und LachYoga-Angebot erfahren? Ich freue mich auf deine Kontaktaufnahme!<\/p>\n\n\n\n<h2 class=\"wp-block-heading\">Ausbildungen und Zertifikate<\/h2>\n\n\n\n<ul class=\"wp-block-list\">\n<li>2018 Zertifizierung LachYoga im Business, Lachschmiede Claudia Lippkau<\/li>\n\n\n\n<li>2017 Zertifizierung zur LachYoga Leiterin,&nbsp;Lachschmiede Claudia Lippkau<\/li>\n\n\n\n<li>2014 Zertifizierung Systemische Therapie und Beratung, Systemix Engelmann und Bach<\/li>\n\n\n\n<li>2011 Zertifizierte Trainerin f\u00fcr das Persolog Team-Dynamik Modell, Pforzheim<\/li>\n\n\n\n<li>2010 Zertifizierung zur Psychologischen Beraterin VFP, Paracelsus Schule Mainz<\/li>\n\n\n\n<li>2006 Autorisierung zum DISG-TeenProfil, Persolog Karlsruhe<\/li>\n\n\n\n<li>2005 Ausbildung zur Typ und Image Beraterin Frau\/Mann, TYP Akademie Limburg<\/li>\n<\/ul>\n\n\n\n<p>Ich&nbsp;sehe meine Erfahrungen, die ich sich im \u00dcbrigen zeitlich \u00fcberschnitten haben, sonst w\u00e4re ich ja schon \u00fcber 100 Jahre alt, als meine wertvollsten Sch\u00e4tze an und freu mich darauf, diese in meine Arbeit, sei es Beratung, Training oder Coaching mit einbringen zu k\u00f6nnen:<\/p>\n\n\n\n<ul class=\"wp-block-list\">\n<li>20 Jahre Erfahrung als Unternehmerin und F\u00fchrungskraft im eignen IT-Unternehmen namens yim OHG, jetzt yim GmbH &amp; Co. KG<\/li>\n\n\n\n<li>20 Jahre Erfahrung in der IT-Branche<\/li>\n\n\n\n<li>20 Jahre Erfahrung im Office-Management<\/li>\n\n\n\n<li>10 Jahre Erfahrung als Ausbilderin f\u00fcr die Berufe Arzthelfer(in), B\u00fcrokauffrauen und Fachinformatiker(innen)<\/li>\n\n\n\n<li>30 Jahre Erfahrung als Ehefrau eines IT-Experten &#8211; :-)))<\/li>\n\n\n\n<li>30 Jahre Erfahrung als Hausfrau und berufst\u00e4tige Mutter<\/li>\n\n\n\n<li>10 Jahre Erfahrung im Gesundheitswesen<\/li>\n<\/ul>\n\n\n\n<p><\/p>\n","protected":false},"excerpt":{"rendered":"<p>Mit \u00fcber 20 Jahren Berufserfahrung und zahlreichen&nbsp;Zertifikaten in LachYoga, psychologischer Beratung und systemischem Coaching&nbsp;biete ich dir fundiertes Fachwissen und eine ganzheitliche Begleitung. Meine Ausbildungen umfassen unter anderem die&nbsp;Zertifizierung als LachYoga-Leiterin(Lachschmiede Claudia Lippkau), die Qualifikation als&nbsp;psychologische Beraterin VFP&nbsp;sowie die Weiterbildung in&nbsp;systemischer Therapie und Beratung&nbsp;(Systemix Engelmann und Bach). Dar\u00fcber hinaus bringe ich langj\u00e4hrige Erfahrung als Unternehmerin, F\u00fchrungskraft &hellip; <\/p>\n<p class=\"link-more\"><a href=\"https:\/\/holundermaerchenmaedchen.com\/?page_id=347\" class=\"more-link\"><span class=\"screen-reader-text\">\u201eZertifikate\u201c<\/span> weiterlesen<\/a><\/p>\n","protected":false},"author":2,"featured_media":911,"parent":181,"menu_order":1,"comment_status":"closed","ping_status":"closed","template":"","meta":{"footnotes":""},"class_list":["post-347","page","type-page","status-publish","has-post-thumbnail","hentry"],"yoast_head":"<!-- This site is optimized with the Yoast SEO plugin v26.7 - https:\/\/yoast.com\/wordpress\/plugins\/seo\/ -->\n<title>Zertifikate - Lachen \u00fcben und die Seele streicheln mit Petra Jurgeit<\/title>\n<meta name=\"description\" content=\"Informiere dich \u00fcber meine Zertifizierungen und erlebe, wie LachYoga und Coaching deine pers\u00f6nliche Entwicklung f\u00f6rdern k\u00f6nnen.\" \/>\n<meta name=\"robots\" content=\"index, follow, max-snippet:-1, max-image-preview:large, max-video-preview:-1\" \/>\n<link rel=\"canonical\" href=\"https:\/\/holundermaerchenmaedchen.com\/?page_id=347\" \/>\n<meta property=\"og:locale\" content=\"de_DE\" \/>\n<meta property=\"og:type\" content=\"article\" \/>\n<meta property=\"og:title\" content=\"Zertifikate - Lachen \u00fcben und die Seele streicheln mit Petra Jurgeit\" \/>\n<meta property=\"og:description\" content=\"Informiere dich \u00fcber meine Zertifizierungen und erlebe, wie LachYoga und Coaching deine pers\u00f6nliche Entwicklung f\u00f6rdern k\u00f6nnen.\" \/>\n<meta property=\"og:url\" content=\"https:\/\/holundermaerchenmaedchen.com\/?page_id=347\" \/>\n<meta property=\"og:site_name\" content=\"Lachen \u00fcben und die Seele streicheln mit Petra Jurgeit\" \/>\n<meta property=\"article:modified_time\" content=\"2025-11-24T09:35:42+00:00\" \/>\n<meta property=\"og:image\" content=\"https:\/\/holundermaerchenmaedchen.com\/wp-content\/uploads\/2025\/07\/Lachyoga-Zertifikat.jpg\" \/>\n\t<meta property=\"og:image:width\" content=\"1752\" \/>\n\t<meta property=\"og:image:height\" content=\"1227\" \/>\n\t<meta property=\"og:image:type\" content=\"image\/jpeg\" \/>\n<meta name=\"twitter:card\" content=\"summary_large_image\" \/>\n<meta name=\"twitter:label1\" content=\"Gesch\u00e4tzte Lesezeit\" \/>\n\t<meta name=\"twitter:data1\" content=\"2\u00a0Minuten\" \/>\n<script type=\"application\/ld+json\" class=\"yoast-schema-graph\">{\"@context\":\"https:\/\/schema.org\",\"@graph\":[{\"@type\":\"WebPage\",\"@id\":\"https:\/\/holundermaerchenmaedchen.com\/?page_id=347\",\"url\":\"https:\/\/holundermaerchenmaedchen.com\/?page_id=347\",\"name\":\"Zertifikate - Lachen \u00fcben und die Seele streicheln mit Petra Jurgeit\",\"isPartOf\":{\"@id\":\"https:\/\/holundermaerchenmaedchen.com\/#website\"},\"primaryImageOfPage\":{\"@id\":\"https:\/\/holundermaerchenmaedchen.com\/?page_id=347#primaryimage\"},\"image\":{\"@id\":\"https:\/\/holundermaerchenmaedchen.com\/?page_id=347#primaryimage\"},\"thumbnailUrl\":\"https:\/\/holundermaerchenmaedchen.com\/wp-content\/uploads\/2025\/07\/Lachyoga-Zertifikat.jpg\",\"datePublished\":\"2023-06-03T17:36:32+00:00\",\"dateModified\":\"2025-11-24T09:35:42+00:00\",\"description\":\"Informiere dich \u00fcber meine Zertifizierungen und erlebe, wie LachYoga und Coaching deine pers\u00f6nliche Entwicklung f\u00f6rdern k\u00f6nnen.\",\"breadcrumb\":{\"@id\":\"https:\/\/holundermaerchenmaedchen.com\/?page_id=347#breadcrumb\"},\"inLanguage\":\"de\",\"potentialAction\":[{\"@type\":\"ReadAction\",\"target\":[\"https:\/\/holundermaerchenmaedchen.com\/?page_id=347\"]}]},{\"@type\":\"ImageObject\",\"inLanguage\":\"de\",\"@id\":\"https:\/\/holundermaerchenmaedchen.com\/?page_id=347#primaryimage\",\"url\":\"https:\/\/holundermaerchenmaedchen.com\/wp-content\/uploads\/2025\/07\/Lachyoga-Zertifikat.jpg\",\"contentUrl\":\"https:\/\/holundermaerchenmaedchen.com\/wp-content\/uploads\/2025\/07\/Lachyoga-Zertifikat.jpg\",\"width\":1752,\"height\":1227,\"caption\":\"Zertifizierte Lachyoga-Leiterin\"},{\"@type\":\"BreadcrumbList\",\"@id\":\"https:\/\/holundermaerchenmaedchen.com\/?page_id=347#breadcrumb\",\"itemListElement\":[{\"@type\":\"ListItem\",\"position\":1,\"name\":\"Startseite\",\"item\":\"https:\/\/holundermaerchenmaedchen.com\/\"},{\"@type\":\"ListItem\",\"position\":2,\"name\":\"\u00dcber mich\",\"item\":\"https:\/\/holundermaerchenmaedchen.com\/?page_id=181\"},{\"@type\":\"ListItem\",\"position\":3,\"name\":\"Zertifikate\"}]},{\"@type\":\"WebSite\",\"@id\":\"https:\/\/holundermaerchenmaedchen.com\/#website\",\"url\":\"https:\/\/holundermaerchenmaedchen.com\/\",\"name\":\"Lachen \u00fcben und die Seele streicheln mit Petra Jurgeit\",\"description\":\"m\u00e4rchenhaft und verspielt zur Inneren Heiterkeit\",\"publisher\":{\"@id\":\"https:\/\/holundermaerchenmaedchen.com\/#\/schema\/person\/b9830c0b2b824fa31a5b0c1c59cbdf16\"},\"alternateName\":\"Lach- und Seelentraining\",\"potentialAction\":[{\"@type\":\"SearchAction\",\"target\":{\"@type\":\"EntryPoint\",\"urlTemplate\":\"https:\/\/holundermaerchenmaedchen.com\/?s={search_term_string}\"},\"query-input\":{\"@type\":\"PropertyValueSpecification\",\"valueRequired\":true,\"valueName\":\"search_term_string\"}}],\"inLanguage\":\"de\"},{\"@type\":[\"Person\",\"Organization\"],\"@id\":\"https:\/\/holundermaerchenmaedchen.com\/#\/schema\/person\/b9830c0b2b824fa31a5b0c1c59cbdf16\",\"name\":\"Petra Jurgeit\",\"image\":{\"@type\":\"ImageObject\",\"inLanguage\":\"de\",\"@id\":\"https:\/\/holundermaerchenmaedchen.com\/#\/schema\/person\/image\/\",\"url\":\"https:\/\/holundermaerchenmaedchen.com\/wp-content\/uploads\/2023\/05\/cropped-IMG_4393-2.jpeg\",\"contentUrl\":\"https:\/\/holundermaerchenmaedchen.com\/wp-content\/uploads\/2023\/05\/cropped-IMG_4393-2.jpeg\",\"width\":250,\"height\":250,\"caption\":\"Petra Jurgeit\"},\"logo\":{\"@id\":\"https:\/\/holundermaerchenmaedchen.com\/#\/schema\/person\/image\/\"},\"sameAs\":[\"https:\/\/holundermaerchenmaedchen.com\"]}]}<\/script>\n<!-- \/ Yoast SEO plugin. -->","yoast_head_json":{"title":"Zertifikate - Lachen \u00fcben und die Seele streicheln mit Petra Jurgeit","description":"Informiere dich \u00fcber meine Zertifizierungen und erlebe, wie LachYoga und Coaching deine pers\u00f6nliche Entwicklung f\u00f6rdern k\u00f6nnen.","robots":{"index":"index","follow":"follow","max-snippet":"max-snippet:-1","max-image-preview":"max-image-preview:large","max-video-preview":"max-video-preview:-1"},"canonical":"https:\/\/holundermaerchenmaedchen.com\/?page_id=347","og_locale":"de_DE","og_type":"article","og_title":"Zertifikate - Lachen \u00fcben und die Seele streicheln mit Petra Jurgeit","og_description":"Informiere dich \u00fcber meine Zertifizierungen und erlebe, wie LachYoga und Coaching deine pers\u00f6nliche Entwicklung f\u00f6rdern k\u00f6nnen.","og_url":"https:\/\/holundermaerchenmaedchen.com\/?page_id=347","og_site_name":"Lachen \u00fcben und die Seele streicheln mit Petra Jurgeit","article_modified_time":"2025-11-24T09:35:42+00:00","og_image":[{"width":1752,"height":1227,"url":"https:\/\/holundermaerchenmaedchen.com\/wp-content\/uploads\/2025\/07\/Lachyoga-Zertifikat.jpg","type":"image\/jpeg"}],"twitter_card":"summary_large_image","twitter_misc":{"Gesch\u00e4tzte Lesezeit":"2\u00a0Minuten"},"schema":{"@context":"https:\/\/schema.org","@graph":[{"@type":"WebPage","@id":"https:\/\/holundermaerchenmaedchen.com\/?page_id=347","url":"https:\/\/holundermaerchenmaedchen.com\/?page_id=347","name":"Zertifikate - Lachen \u00fcben und die Seele streicheln mit Petra Jurgeit","isPartOf":{"@id":"https:\/\/holundermaerchenmaedchen.com\/#website"},"primaryImageOfPage":{"@id":"https:\/\/holundermaerchenmaedchen.com\/?page_id=347#primaryimage"},"image":{"@id":"https:\/\/holundermaerchenmaedchen.com\/?page_id=347#primaryimage"},"thumbnailUrl":"https:\/\/holundermaerchenmaedchen.com\/wp-content\/uploads\/2025\/07\/Lachyoga-Zertifikat.jpg","datePublished":"2023-06-03T17:36:32+00:00","dateModified":"2025-11-24T09:35:42+00:00","description":"Informiere dich \u00fcber meine Zertifizierungen und erlebe, wie LachYoga und Coaching deine pers\u00f6nliche Entwicklung f\u00f6rdern k\u00f6nnen.","breadcrumb":{"@id":"https:\/\/holundermaerchenmaedchen.com\/?page_id=347#breadcrumb"},"inLanguage":"de","potentialAction":[{"@type":"ReadAction","target":["https:\/\/holundermaerchenmaedchen.com\/?page_id=347"]}]},{"@type":"ImageObject","inLanguage":"de","@id":"https:\/\/holundermaerchenmaedchen.com\/?page_id=347#primaryimage","url":"https:\/\/holundermaerchenmaedchen.com\/wp-content\/uploads\/2025\/07\/Lachyoga-Zertifikat.jpg","contentUrl":"https:\/\/holundermaerchenmaedchen.com\/wp-content\/uploads\/2025\/07\/Lachyoga-Zertifikat.jpg","width":1752,"height":1227,"caption":"Zertifizierte Lachyoga-Leiterin"},{"@type":"BreadcrumbList","@id":"https:\/\/holundermaerchenmaedchen.com\/?page_id=347#breadcrumb","itemListElement":[{"@type":"ListItem","position":1,"name":"Startseite","item":"https:\/\/holundermaerchenmaedchen.com\/"},{"@type":"ListItem","position":2,"name":"\u00dcber mich","item":"https:\/\/holundermaerchenmaedchen.com\/?page_id=181"},{"@type":"ListItem","position":3,"name":"Zertifikate"}]},{"@type":"WebSite","@id":"https:\/\/holundermaerchenmaedchen.com\/#website","url":"https:\/\/holundermaerchenmaedchen.com\/","name":"Lachen \u00fcben und die Seele streicheln mit Petra Jurgeit","description":"m\u00e4rchenhaft und verspielt zur Inneren Heiterkeit","publisher":{"@id":"https:\/\/holundermaerchenmaedchen.com\/#\/schema\/person\/b9830c0b2b824fa31a5b0c1c59cbdf16"},"alternateName":"Lach- und Seelentraining","potentialAction":[{"@type":"SearchAction","target":{"@type":"EntryPoint","urlTemplate":"https:\/\/holundermaerchenmaedchen.com\/?s={search_term_string}"},"query-input":{"@type":"PropertyValueSpecification","valueRequired":true,"valueName":"search_term_string"}}],"inLanguage":"de"},{"@type":["Person","Organization"],"@id":"https:\/\/holundermaerchenmaedchen.com\/#\/schema\/person\/b9830c0b2b824fa31a5b0c1c59cbdf16","name":"Petra Jurgeit","image":{"@type":"ImageObject","inLanguage":"de","@id":"https:\/\/holundermaerchenmaedchen.com\/#\/schema\/person\/image\/","url":"https:\/\/holundermaerchenmaedchen.com\/wp-content\/uploads\/2023\/05\/cropped-IMG_4393-2.jpeg","contentUrl":"https:\/\/holundermaerchenmaedchen.com\/wp-content\/uploads\/2023\/05\/cropped-IMG_4393-2.jpeg","width":250,"height":250,"caption":"Petra Jurgeit"},"logo":{"@id":"https:\/\/holundermaerchenmaedchen.com\/#\/schema\/person\/image\/"},"sameAs":["https:\/\/holundermaerchenmaedchen.com"]}]}},"jetpack_likes_enabled":true,"jetpack_sharing_enabled":true,"_links":{"self":[{"href":"https:\/\/holundermaerchenmaedchen.com\/index.php?rest_route=\/wp\/v2\/pages\/347","targetHints":{"allow":["GET"]}}],"collection":[{"href":"https:\/\/holundermaerchenmaedchen.com\/index.php?rest_route=\/wp\/v2\/pages"}],"about":[{"href":"https:\/\/holundermaerchenmaedchen.com\/index.php?rest_route=\/wp\/v2\/types\/page"}],"author":[{"embeddable":true,"href":"https:\/\/holundermaerchenmaedchen.com\/index.php?rest_route=\/wp\/v2\/users\/2"}],"replies":[{"embeddable":true,"href":"https:\/\/holundermaerchenmaedchen.com\/index.php?rest_route=%2Fwp%2Fv2%2Fcomments&post=347"}],"version-history":[{"count":7,"href":"https:\/\/holundermaerchenmaedchen.com\/index.php?rest_route=\/wp\/v2\/pages\/347\/revisions"}],"predecessor-version":[{"id":908,"href":"https:\/\/holundermaerchenmaedchen.com\/index.php?rest_route=\/wp\/v2\/pages\/347\/revisions\/908"}],"up":[{"embeddable":true,"href":"https:\/\/holundermaerchenmaedchen.com\/index.php?rest_route=\/wp\/v2\/pages\/181"}],"wp:featuredmedia":[{"embeddable":true,"href":"https:\/\/holundermaerchenmaedchen.com\/index.php?rest_route=\/wp\/v2\/media\/911"}],"wp:attachment":[{"href":"https:\/\/holundermaerchenmaedchen.com\/index.php?rest_route=%2Fwp%2Fv2%2Fmedia&parent=347"}],"curies":[{"name":"wp","href":"https:\/\/api.w.org\/{rel}","templated":true}]}}