{"id":70,"date":"2023-05-13T14:15:16","date_gmt":"2023-05-13T14:15:16","guid":{"rendered":"https:\/\/holundermaerchenmaedchen.com\/?page_id=70"},"modified":"2025-06-16T19:07:35","modified_gmt":"2025-06-16T19:07:35","slug":"angebote-und-termine","status":"publish","type":"page","link":"https:\/\/holundermaerchenmaedchen.com\/?page_id=70","title":{"rendered":"Lach-Yoga"},"content":{"rendered":"\n<p>Lachen ist die beste Medizin und Krafttraining f\u00fcr die Seele. Unsere Zellen lieben es, wenn wir lachen, gerne auch ganz ohne Grund! Lachen ist eine Art Bewusstseins-Erheiterung, wenn wir wirklich bewusst lachen und in einen Zustand kindlicher Verspieltheit gelangen.&nbsp;In meinem Lach- und Seelentraining werden deshalb Lach\u00fcbungen mit pantomimischen K\u00f6rperbewegungen m\u00e4rchenhaft verspielt angeleitet und mit Liebe und Fantasie durchgef\u00fchrt.&nbsp;<br>Der Aufbau einer Stunde ist \u00e4hnlich, aber nicht immer gleich.&nbsp;Jede Stunde hat ein anderes Thema oder eine andere Geschichte. So ist ein Neueinstieg jederzeit m\u00f6glich und f\u00fcr langfristige TeilnehmerInnen bleibt es&nbsp; abwechslungsreich \ud83d\ude42<\/p>\n\n\n\n<p><strong>M\u00f6glicher Aufbau \/ Inhalt einer Stunde&nbsp;<\/strong><\/p>\n\n\n\n<p>* Begr\u00fc\u00dfung und Einf\u00fchrung<\/p>\n\n\n\n<p>* Lockerungs- und Dehnungs\u00fcbung<\/p>\n\n\n\n<p>* Atem\u00fcbung<\/p>\n\n\n\n<p>* Stehende Lach\u00fcbung<\/p>\n\n\n\n<p>* Sitzende Lach\u00fcbung<\/p>\n\n\n\n<p>* Dynamische Lach\u00fcbung<\/p>\n\n\n\n<p>* Lachmeditation&nbsp;<\/p>\n\n\n\n<ul class=\"wp-block-list\">\n<li>Gef\u00fchrte Entspannungs\u00fcbung<\/li>\n\n\n\n<li>Abschluss &#8211; Feedback-Runde<\/li>\n<\/ul>\n\n\n\n<p>(\u00c4nderungen vorbehalten)<\/p>\n","protected":false},"excerpt":{"rendered":"<p>Lachen ist die beste Medizin und Krafttraining f\u00fcr die Seele. Unsere Zellen lieben es, wenn wir lachen, gerne auch ganz ohne Grund! Lachen ist eine Art Bewusstseins-Erheiterung, wenn wir wirklich bewusst lachen und in einen Zustand kindlicher Verspieltheit gelangen.&nbsp;In meinem Lach- und Seelentraining werden deshalb Lach\u00fcbungen mit pantomimischen K\u00f6rperbewegungen m\u00e4rchenhaft verspielt angeleitet und mit Liebe &hellip; <\/p>\n<p class=\"link-more\"><a href=\"https:\/\/holundermaerchenmaedchen.com\/?page_id=70\" class=\"more-link\"><span class=\"screen-reader-text\">\u201eLach-Yoga\u201c<\/span> weiterlesen<\/a><\/p>\n","protected":false},"author":2,"featured_media":0,"parent":0,"menu_order":0,"comment_status":"closed","ping_status":"closed","template":"","meta":{"footnotes":""},"class_list":["post-70","page","type-page","status-publish","hentry"],"yoast_head":"<!-- This site is optimized with the Yoast SEO plugin v27.3 - https:\/\/yoast.com\/product\/yoast-seo-wordpress\/ -->\n<title>Lach-Yoga - Lachen \u00fcben und die Seele streicheln mit Petra Jurgeit<\/title>\n<meta name=\"robots\" content=\"index, follow, max-snippet:-1, max-image-preview:large, max-video-preview:-1\" \/>\n<link rel=\"canonical\" href=\"https:\/\/holundermaerchenmaedchen.com\/?page_id=70\" \/>\n<meta property=\"og:locale\" content=\"de_DE\" \/>\n<meta property=\"og:type\" content=\"article\" \/>\n<meta property=\"og:title\" content=\"Lach-Yoga - Lachen \u00fcben und die Seele streicheln mit Petra Jurgeit\" \/>\n<meta property=\"og:description\" content=\"Lachen ist die beste Medizin und Krafttraining f\u00fcr die Seele. Unsere Zellen lieben es, wenn wir lachen, gerne auch ganz ohne Grund! Lachen ist eine Art Bewusstseins-Erheiterung, wenn wir wirklich bewusst lachen und in einen Zustand kindlicher Verspieltheit gelangen.&nbsp;In meinem Lach- und Seelentraining werden deshalb Lach\u00fcbungen mit pantomimischen K\u00f6rperbewegungen m\u00e4rchenhaft verspielt angeleitet und mit Liebe &hellip; \u201eLach-Yoga\u201c weiterlesen\" \/>\n<meta property=\"og:url\" content=\"https:\/\/holundermaerchenmaedchen.com\/?page_id=70\" \/>\n<meta property=\"og:site_name\" content=\"Lachen \u00fcben und die Seele streicheln mit Petra Jurgeit\" \/>\n<meta property=\"article:modified_time\" content=\"2025-06-16T19:07:35+00:00\" \/>\n<meta name=\"twitter:card\" content=\"summary_large_image\" \/>\n<meta name=\"twitter:label1\" content=\"Gesch\u00e4tzte Lesezeit\" \/>\n\t<meta name=\"twitter:data1\" content=\"1\u00a0Minute\" \/>\n<script type=\"application\/ld+json\" class=\"yoast-schema-graph\">{\"@context\":\"https:\\\/\\\/schema.org\",\"@graph\":[{\"@type\":\"WebPage\",\"@id\":\"https:\\\/\\\/holundermaerchenmaedchen.com\\\/?page_id=70\",\"url\":\"https:\\\/\\\/holundermaerchenmaedchen.com\\\/?page_id=70\",\"name\":\"Lach-Yoga - Lachen \u00fcben und die Seele streicheln mit Petra Jurgeit\",\"isPartOf\":{\"@id\":\"https:\\\/\\\/holundermaerchenmaedchen.com\\\/#website\"},\"datePublished\":\"2023-05-13T14:15:16+00:00\",\"dateModified\":\"2025-06-16T19:07:35+00:00\",\"breadcrumb\":{\"@id\":\"https:\\\/\\\/holundermaerchenmaedchen.com\\\/?page_id=70#breadcrumb\"},\"inLanguage\":\"de\",\"potentialAction\":[{\"@type\":\"ReadAction\",\"target\":[\"https:\\\/\\\/holundermaerchenmaedchen.com\\\/?page_id=70\"]}]},{\"@type\":\"BreadcrumbList\",\"@id\":\"https:\\\/\\\/holundermaerchenmaedchen.com\\\/?page_id=70#breadcrumb\",\"itemListElement\":[{\"@type\":\"ListItem\",\"position\":1,\"name\":\"Startseite\",\"item\":\"https:\\\/\\\/holundermaerchenmaedchen.com\\\/\"},{\"@type\":\"ListItem\",\"position\":2,\"name\":\"Lach-Yoga\"}]},{\"@type\":\"WebSite\",\"@id\":\"https:\\\/\\\/holundermaerchenmaedchen.com\\\/#website\",\"url\":\"https:\\\/\\\/holundermaerchenmaedchen.com\\\/\",\"name\":\"Lachen \u00fcben und die Seele streicheln mit Petra Jurgeit\",\"description\":\"m\u00e4rchenhaft und verspielt zur Inneren Heiterkeit\",\"publisher\":{\"@id\":\"https:\\\/\\\/holundermaerchenmaedchen.com\\\/#\\\/schema\\\/person\\\/b9830c0b2b824fa31a5b0c1c59cbdf16\"},\"alternateName\":\"Lach- und Seelentraining\",\"potentialAction\":[{\"@type\":\"SearchAction\",\"target\":{\"@type\":\"EntryPoint\",\"urlTemplate\":\"https:\\\/\\\/holundermaerchenmaedchen.com\\\/?s={search_term_string}\"},\"query-input\":{\"@type\":\"PropertyValueSpecification\",\"valueRequired\":true,\"valueName\":\"search_term_string\"}}],\"inLanguage\":\"de\"},{\"@type\":[\"Person\",\"Organization\"],\"@id\":\"https:\\\/\\\/holundermaerchenmaedchen.com\\\/#\\\/schema\\\/person\\\/b9830c0b2b824fa31a5b0c1c59cbdf16\",\"name\":\"Petra Jurgeit\",\"image\":{\"@type\":\"ImageObject\",\"inLanguage\":\"de\",\"@id\":\"https:\\\/\\\/holundermaerchenmaedchen.com\\\/wp-content\\\/uploads\\\/2023\\\/05\\\/cropped-IMG_4393-2.jpeg\",\"url\":\"https:\\\/\\\/holundermaerchenmaedchen.com\\\/wp-content\\\/uploads\\\/2023\\\/05\\\/cropped-IMG_4393-2.jpeg\",\"contentUrl\":\"https:\\\/\\\/holundermaerchenmaedchen.com\\\/wp-content\\\/uploads\\\/2023\\\/05\\\/cropped-IMG_4393-2.jpeg\",\"width\":250,\"height\":250,\"caption\":\"Petra Jurgeit\"},\"logo\":{\"@id\":\"https:\\\/\\\/holundermaerchenmaedchen.com\\\/wp-content\\\/uploads\\\/2023\\\/05\\\/cropped-IMG_4393-2.jpeg\"},\"sameAs\":[\"https:\\\/\\\/holundermaerchenmaedchen.com\"]}]}<\/script>\n<!-- \/ Yoast SEO plugin. -->","yoast_head_json":{"title":"Lach-Yoga - Lachen \u00fcben und die Seele streicheln mit Petra Jurgeit","robots":{"index":"index","follow":"follow","max-snippet":"max-snippet:-1","max-image-preview":"max-image-preview:large","max-video-preview":"max-video-preview:-1"},"canonical":"https:\/\/holundermaerchenmaedchen.com\/?page_id=70","og_locale":"de_DE","og_type":"article","og_title":"Lach-Yoga - Lachen \u00fcben und die Seele streicheln mit Petra Jurgeit","og_description":"Lachen ist die beste Medizin und Krafttraining f\u00fcr die Seele. Unsere Zellen lieben es, wenn wir lachen, gerne auch ganz ohne Grund! Lachen ist eine Art Bewusstseins-Erheiterung, wenn wir wirklich bewusst lachen und in einen Zustand kindlicher Verspieltheit gelangen.&nbsp;In meinem Lach- und Seelentraining werden deshalb Lach\u00fcbungen mit pantomimischen K\u00f6rperbewegungen m\u00e4rchenhaft verspielt angeleitet und mit Liebe &hellip; \u201eLach-Yoga\u201c weiterlesen","og_url":"https:\/\/holundermaerchenmaedchen.com\/?page_id=70","og_site_name":"Lachen \u00fcben und die Seele streicheln mit Petra Jurgeit","article_modified_time":"2025-06-16T19:07:35+00:00","twitter_card":"summary_large_image","twitter_misc":{"Gesch\u00e4tzte Lesezeit":"1\u00a0Minute"},"schema":{"@context":"https:\/\/schema.org","@graph":[{"@type":"WebPage","@id":"https:\/\/holundermaerchenmaedchen.com\/?page_id=70","url":"https:\/\/holundermaerchenmaedchen.com\/?page_id=70","name":"Lach-Yoga - Lachen \u00fcben und die Seele streicheln mit Petra Jurgeit","isPartOf":{"@id":"https:\/\/holundermaerchenmaedchen.com\/#website"},"datePublished":"2023-05-13T14:15:16+00:00","dateModified":"2025-06-16T19:07:35+00:00","breadcrumb":{"@id":"https:\/\/holundermaerchenmaedchen.com\/?page_id=70#breadcrumb"},"inLanguage":"de","potentialAction":[{"@type":"ReadAction","target":["https:\/\/holundermaerchenmaedchen.com\/?page_id=70"]}]},{"@type":"BreadcrumbList","@id":"https:\/\/holundermaerchenmaedchen.com\/?page_id=70#breadcrumb","itemListElement":[{"@type":"ListItem","position":1,"name":"Startseite","item":"https:\/\/holundermaerchenmaedchen.com\/"},{"@type":"ListItem","position":2,"name":"Lach-Yoga"}]},{"@type":"WebSite","@id":"https:\/\/holundermaerchenmaedchen.com\/#website","url":"https:\/\/holundermaerchenmaedchen.com\/","name":"Lachen \u00fcben und die Seele streicheln mit Petra Jurgeit","description":"m\u00e4rchenhaft und verspielt zur Inneren Heiterkeit","publisher":{"@id":"https:\/\/holundermaerchenmaedchen.com\/#\/schema\/person\/b9830c0b2b824fa31a5b0c1c59cbdf16"},"alternateName":"Lach- und Seelentraining","potentialAction":[{"@type":"SearchAction","target":{"@type":"EntryPoint","urlTemplate":"https:\/\/holundermaerchenmaedchen.com\/?s={search_term_string}"},"query-input":{"@type":"PropertyValueSpecification","valueRequired":true,"valueName":"search_term_string"}}],"inLanguage":"de"},{"@type":["Person","Organization"],"@id":"https:\/\/holundermaerchenmaedchen.com\/#\/schema\/person\/b9830c0b2b824fa31a5b0c1c59cbdf16","name":"Petra Jurgeit","image":{"@type":"ImageObject","inLanguage":"de","@id":"https:\/\/holundermaerchenmaedchen.com\/wp-content\/uploads\/2023\/05\/cropped-IMG_4393-2.jpeg","url":"https:\/\/holundermaerchenmaedchen.com\/wp-content\/uploads\/2023\/05\/cropped-IMG_4393-2.jpeg","contentUrl":"https:\/\/holundermaerchenmaedchen.com\/wp-content\/uploads\/2023\/05\/cropped-IMG_4393-2.jpeg","width":250,"height":250,"caption":"Petra Jurgeit"},"logo":{"@id":"https:\/\/holundermaerchenmaedchen.com\/wp-content\/uploads\/2023\/05\/cropped-IMG_4393-2.jpeg"},"sameAs":["https:\/\/holundermaerchenmaedchen.com"]}]}},"jetpack_likes_enabled":true,"jetpack_sharing_enabled":true,"_links":{"self":[{"href":"https:\/\/holundermaerchenmaedchen.com\/index.php?rest_route=\/wp\/v2\/pages\/70","targetHints":{"allow":["GET"]}}],"collection":[{"href":"https:\/\/holundermaerchenmaedchen.com\/index.php?rest_route=\/wp\/v2\/pages"}],"about":[{"href":"https:\/\/holundermaerchenmaedchen.com\/index.php?rest_route=\/wp\/v2\/types\/page"}],"author":[{"embeddable":true,"href":"https:\/\/holundermaerchenmaedchen.com\/index.php?rest_route=\/wp\/v2\/users\/2"}],"replies":[{"embeddable":true,"href":"https:\/\/holundermaerchenmaedchen.com\/index.php?rest_route=%2Fwp%2Fv2%2Fcomments&post=70"}],"version-history":[{"count":8,"href":"https:\/\/holundermaerchenmaedchen.com\/index.php?rest_route=\/wp\/v2\/pages\/70\/revisions"}],"predecessor-version":[{"id":857,"href":"https:\/\/holundermaerchenmaedchen.com\/index.php?rest_route=\/wp\/v2\/pages\/70\/revisions\/857"}],"wp:attachment":[{"href":"https:\/\/holundermaerchenmaedchen.com\/index.php?rest_route=%2Fwp%2Fv2%2Fmedia&parent=70"}],"curies":[{"name":"wp","href":"https:\/\/api.w.org\/{rel}","templated":true}]}}