{"id":74,"date":"2023-05-13T14:15:16","date_gmt":"2023-05-13T14:15:16","guid":{"rendered":"https:\/\/holundermaerchenmaedchen.com\/?page_id=74"},"modified":"2025-11-25T09:32:38","modified_gmt":"2025-11-25T09:32:38","slug":"lachevents","status":"publish","type":"page","link":"https:\/\/holundermaerchenmaedchen.com\/?page_id=74","title":{"rendered":"Lach-Events"},"content":{"rendered":"\n<h2 class=\"wp-block-heading\">Lachen auf Veranstaltungen oder als Team-Event<\/h2>\n\n\n\n<p>Lachen verbindet<\/p>\n\n\n\n<p>Ein herzhaftes Lachen oder auch nur ein kleines L\u00e4cheln kann die k\u00fcrzeste Verbindung zwischen uns Menschen sein.<\/p>\n\n\n\n<p>Gerne komm ich auf Dein pers\u00f6nliches Event, ganz egal ob privat oder gesch\u00e4ftlich, wenn Du  Dich mit Deinen G\u00e4sten \/ Teilnehmern auf eine heitere und gesunde Art verbinden m\u00f6chtest.  <\/p>\n\n\n\n<p>Anl\u00e4sse f\u00fcr ein gemeinsames Lach-Erlebnis k\u00f6nnten zum Beispiel ein runder Geburtstag, Hochzeiten, Abschiede, Silberhochzeit, Jubil\u00e4en, eine goldene Hochzeit oder \u00e4hnliches sein. Am besten kl\u00e4ren wir vorher gemeinsam, welche Themen  mal \u201eangelacht\u201c werden d\u00fcrfen, damit ich dann ganz individuelle Lach\u00fcbungen f\u00fcr Dein pers\u00f6nliches Event entwicklen kann. <\/p>\n\n\n\n<p>Oder Du schaust mal, ob Dir meine Event-Ideen f\u00fcr Dich gut gefallen k\u00f6nnten.. bzw. h\u00e4tten gefallen k\u00f6nnen\u2026.<br><br>Diese Angebote sind in unserer alten Heimat in Ginsheim entwickelt worden. Hier f\u00fcr Ostfriesland wird es neue Ideen geben, aber solange die noch nicht vorhanden sind, k\u00f6nnt ihr Euch von den alten Ideen inspirieren lassen. <\/p>\n\n\n\n<p class=\"has-x-large-font-size\"><strong>Oldies but Goldies<\/strong><\/p>\n\n\n\n<h2 class=\"wp-block-heading\">Meine Angebote aus der alten Heimat: <\/h2>\n\n\n\n<figure class=\"wp-block-image size-large\"><img loading=\"lazy\" decoding=\"async\" width=\"768\" height=\"1024\" src=\"https:\/\/holundermaerchenmaedchen.com\/wp-content\/uploads\/2023\/06\/IMG_7072-768x1024.jpeg\" alt=\"\" class=\"wp-image-413\" srcset=\"https:\/\/holundermaerchenmaedchen.com\/wp-content\/uploads\/2023\/06\/IMG_7072-768x1024.jpeg 768w, https:\/\/holundermaerchenmaedchen.com\/wp-content\/uploads\/2023\/06\/IMG_7072-225x300.jpeg 225w, https:\/\/holundermaerchenmaedchen.com\/wp-content\/uploads\/2023\/06\/IMG_7072-1152x1536.jpeg 1152w, https:\/\/holundermaerchenmaedchen.com\/wp-content\/uploads\/2023\/06\/IMG_7072-1536x2048.jpeg 1536w, https:\/\/holundermaerchenmaedchen.com\/wp-content\/uploads\/2023\/06\/IMG_7072-scaled.jpeg 1920w\" sizes=\"auto, (max-width: 767px) 89vw, (max-width: 1000px) 54vw, (max-width: 1071px) 543px, 580px\" \/><\/figure>\n\n\n\n<p>Lachyoga in der Oldtimer-Werkstatt, ideal f\u00fcr Paare, die einen Faible f\u00fcr Oldtimer haben und gemeinsam ein bisschen Spa\u00df haben wollen. Vielleicht ist die Beziehung ein bisschen eingestaubt und kann eine liebevolle Politur gebrauchen?<br><br>Hinweis: Dieses Angebot kann im Moment so nicht umgesetzt werden, schlicht und ergreifend, weil die Werkstatt in unserer alten Heimat in Ginsheim war. Doch das gute St\u00fcck ist mit uns umgezogen. Unser Plan ist es ihn zu restaurieren, aber daf\u00fcr fehlt aufgrund der Sanierungsarbeiten im Haus aktuell noch die Zeit. <\/p>\n\n\n\n<p class=\"has-x-large-font-size\"><strong>Lachyoga mit  Partytruck Atempause<\/strong><\/p>\n\n\n\n<figure class=\"wp-block-image size-large\"><img loading=\"lazy\" decoding=\"async\" width=\"768\" height=\"1024\" src=\"https:\/\/holundermaerchenmaedchen.com\/wp-content\/uploads\/2023\/06\/IMG_7267-768x1024.jpeg\" alt=\"\" class=\"wp-image-401\" srcset=\"https:\/\/holundermaerchenmaedchen.com\/wp-content\/uploads\/2023\/06\/IMG_7267-768x1024.jpeg 768w, https:\/\/holundermaerchenmaedchen.com\/wp-content\/uploads\/2023\/06\/IMG_7267-225x300.jpeg 225w, https:\/\/holundermaerchenmaedchen.com\/wp-content\/uploads\/2023\/06\/IMG_7267-1152x1536.jpeg 1152w, https:\/\/holundermaerchenmaedchen.com\/wp-content\/uploads\/2023\/06\/IMG_7267-1536x2048.jpeg 1536w, https:\/\/holundermaerchenmaedchen.com\/wp-content\/uploads\/2023\/06\/IMG_7267-scaled.jpeg 1920w\" sizes=\"auto, (max-width: 767px) 89vw, (max-width: 1000px) 54vw, (max-width: 1071px) 543px, 580px\" \/><figcaption class=\"wp-element-caption\">Event Vorschlag <\/figcaption><\/figure>\n\n\n\n<p><\/p>\n\n\n\n<p class=\"has-x-large-font-size\"><strong>Lach-Meeting<\/strong> <strong>bei den yimmies<\/strong><\/p>\n\n\n\n<figure class=\"wp-block-image size-large\"><img loading=\"lazy\" decoding=\"async\" width=\"768\" height=\"1024\" src=\"https:\/\/holundermaerchenmaedchen.com\/wp-content\/uploads\/2023\/06\/IMG_2794-768x1024.jpeg\" alt=\"\" class=\"wp-image-417\" srcset=\"https:\/\/holundermaerchenmaedchen.com\/wp-content\/uploads\/2023\/06\/IMG_2794-768x1024.jpeg 768w, https:\/\/holundermaerchenmaedchen.com\/wp-content\/uploads\/2023\/06\/IMG_2794-225x300.jpeg 225w, https:\/\/holundermaerchenmaedchen.com\/wp-content\/uploads\/2023\/06\/IMG_2794-1152x1536.jpeg 1152w, https:\/\/holundermaerchenmaedchen.com\/wp-content\/uploads\/2023\/06\/IMG_2794-1536x2048.jpeg 1536w, https:\/\/holundermaerchenmaedchen.com\/wp-content\/uploads\/2023\/06\/IMG_2794-scaled.jpeg 1920w\" sizes=\"auto, (max-width: 767px) 89vw, (max-width: 1000px) 54vw, (max-width: 1071px) 543px, 580px\" \/><\/figure>\n\n\n\n<p>Auch gesch\u00e4ftlich darf sicher noch ein bisschen mehr gelacht werden!<br>Lachyoga als gemeinsames Team-Erlebnis unterst\u00fctzt ein wertsch\u00e4tzendes Miteinander und harmonisiert das Betriebsklima. Zudem f\u00f6rdert es die betriebliche Gesundheit und st\u00e4rkt die Resilienz.<br>Also mal nicht so viel reden &#8211; einfach mal gemeinsam eine Runde lachen und bei mir ein Lachmeeting reservieren. Auch hier greife ich gerne spezifische Themen auf und bringe meine Expertise als psychologische Beraterin, systemische Coaching und meine zwanzigj\u00e4hrige Erfahrung als Gesch\u00e4ftsf\u00fchrerin eines IT-Unternehmens mit ein.<\/p>\n","protected":false},"excerpt":{"rendered":"<p>Lachen auf Veranstaltungen oder als Team-Event Lachen verbindet Ein herzhaftes Lachen oder auch nur ein kleines L\u00e4cheln kann die k\u00fcrzeste Verbindung zwischen uns Menschen sein. Gerne komm ich auf Dein pers\u00f6nliches Event, ganz egal ob privat oder gesch\u00e4ftlich, wenn Du Dich mit Deinen G\u00e4sten \/ Teilnehmern auf eine heitere und gesunde Art verbinden m\u00f6chtest. Anl\u00e4sse &hellip; <\/p>\n<p class=\"link-more\"><a href=\"https:\/\/holundermaerchenmaedchen.com\/?page_id=74\" class=\"more-link\"><span class=\"screen-reader-text\">\u201eLach-Events\u201c<\/span> weiterlesen<\/a><\/p>\n","protected":false},"author":2,"featured_media":409,"parent":0,"menu_order":0,"comment_status":"closed","ping_status":"closed","template":"","meta":{"footnotes":""},"class_list":["post-74","page","type-page","status-publish","has-post-thumbnail","hentry"],"yoast_head":"<!-- This site is optimized with the Yoast SEO plugin v27.3 - https:\/\/yoast.com\/product\/yoast-seo-wordpress\/ -->\n<title>Lach-Events - Lachen \u00fcben und die Seele streicheln mit Petra Jurgeit<\/title>\n<meta name=\"description\" content=\"Buche dein individuelles Lach-Event f\u00fcr private oder gesch\u00e4ftliche Anl\u00e4sse in Ostfriesland. Neue Lachideen und viel Freude warten auf dich!\" \/>\n<meta name=\"robots\" content=\"index, follow, max-snippet:-1, max-image-preview:large, max-video-preview:-1\" \/>\n<link rel=\"canonical\" href=\"https:\/\/holundermaerchenmaedchen.com\/?page_id=74\" \/>\n<meta property=\"og:locale\" content=\"de_DE\" \/>\n<meta property=\"og:type\" content=\"article\" \/>\n<meta property=\"og:title\" content=\"Lach-Events - Lachen \u00fcben und die Seele streicheln mit Petra Jurgeit\" \/>\n<meta property=\"og:description\" content=\"Buche dein individuelles Lach-Event f\u00fcr private oder gesch\u00e4ftliche Anl\u00e4sse in Ostfriesland. Neue Lachideen und viel Freude warten auf dich!\" \/>\n<meta property=\"og:url\" content=\"https:\/\/holundermaerchenmaedchen.com\/?page_id=74\" \/>\n<meta property=\"og:site_name\" content=\"Lachen \u00fcben und die Seele streicheln mit Petra Jurgeit\" \/>\n<meta property=\"article:modified_time\" content=\"2025-11-25T09:32:38+00:00\" \/>\n<meta property=\"og:image\" content=\"https:\/\/holundermaerchenmaedchen.com\/wp-content\/uploads\/2023\/06\/IMG_1193.jpeg\" \/>\n\t<meta property=\"og:image:width\" content=\"1600\" \/>\n\t<meta property=\"og:image:height\" content=\"1104\" \/>\n\t<meta property=\"og:image:type\" content=\"image\/jpeg\" \/>\n<meta name=\"twitter:card\" content=\"summary_large_image\" \/>\n<meta name=\"twitter:label1\" content=\"Gesch\u00e4tzte Lesezeit\" \/>\n\t<meta name=\"twitter:data1\" content=\"3\u00a0Minuten\" \/>\n<script type=\"application\/ld+json\" class=\"yoast-schema-graph\">{\"@context\":\"https:\\\/\\\/schema.org\",\"@graph\":[{\"@type\":\"WebPage\",\"@id\":\"https:\\\/\\\/holundermaerchenmaedchen.com\\\/?page_id=74\",\"url\":\"https:\\\/\\\/holundermaerchenmaedchen.com\\\/?page_id=74\",\"name\":\"Lach-Events - Lachen \u00fcben und die Seele streicheln mit Petra Jurgeit\",\"isPartOf\":{\"@id\":\"https:\\\/\\\/holundermaerchenmaedchen.com\\\/#website\"},\"primaryImageOfPage\":{\"@id\":\"https:\\\/\\\/holundermaerchenmaedchen.com\\\/?page_id=74#primaryimage\"},\"image\":{\"@id\":\"https:\\\/\\\/holundermaerchenmaedchen.com\\\/?page_id=74#primaryimage\"},\"thumbnailUrl\":\"https:\\\/\\\/holundermaerchenmaedchen.com\\\/wp-content\\\/uploads\\\/2023\\\/06\\\/IMG_1193.jpeg\",\"datePublished\":\"2023-05-13T14:15:16+00:00\",\"dateModified\":\"2025-11-25T09:32:38+00:00\",\"description\":\"Buche dein individuelles Lach-Event f\u00fcr private oder gesch\u00e4ftliche Anl\u00e4sse in Ostfriesland. Neue Lachideen und viel Freude warten auf dich!\",\"breadcrumb\":{\"@id\":\"https:\\\/\\\/holundermaerchenmaedchen.com\\\/?page_id=74#breadcrumb\"},\"inLanguage\":\"de\",\"potentialAction\":[{\"@type\":\"ReadAction\",\"target\":[\"https:\\\/\\\/holundermaerchenmaedchen.com\\\/?page_id=74\"]}]},{\"@type\":\"ImageObject\",\"inLanguage\":\"de\",\"@id\":\"https:\\\/\\\/holundermaerchenmaedchen.com\\\/?page_id=74#primaryimage\",\"url\":\"https:\\\/\\\/holundermaerchenmaedchen.com\\\/wp-content\\\/uploads\\\/2023\\\/06\\\/IMG_1193.jpeg\",\"contentUrl\":\"https:\\\/\\\/holundermaerchenmaedchen.com\\\/wp-content\\\/uploads\\\/2023\\\/06\\\/IMG_1193.jpeg\",\"width\":1600,\"height\":1104},{\"@type\":\"BreadcrumbList\",\"@id\":\"https:\\\/\\\/holundermaerchenmaedchen.com\\\/?page_id=74#breadcrumb\",\"itemListElement\":[{\"@type\":\"ListItem\",\"position\":1,\"name\":\"Startseite\",\"item\":\"https:\\\/\\\/holundermaerchenmaedchen.com\\\/\"},{\"@type\":\"ListItem\",\"position\":2,\"name\":\"Lach-Events\"}]},{\"@type\":\"WebSite\",\"@id\":\"https:\\\/\\\/holundermaerchenmaedchen.com\\\/#website\",\"url\":\"https:\\\/\\\/holundermaerchenmaedchen.com\\\/\",\"name\":\"Lachen \u00fcben und die Seele streicheln mit Petra Jurgeit\",\"description\":\"m\u00e4rchenhaft und verspielt zur Inneren Heiterkeit\",\"publisher\":{\"@id\":\"https:\\\/\\\/holundermaerchenmaedchen.com\\\/#\\\/schema\\\/person\\\/b9830c0b2b824fa31a5b0c1c59cbdf16\"},\"alternateName\":\"Lach- und Seelentraining\",\"potentialAction\":[{\"@type\":\"SearchAction\",\"target\":{\"@type\":\"EntryPoint\",\"urlTemplate\":\"https:\\\/\\\/holundermaerchenmaedchen.com\\\/?s={search_term_string}\"},\"query-input\":{\"@type\":\"PropertyValueSpecification\",\"valueRequired\":true,\"valueName\":\"search_term_string\"}}],\"inLanguage\":\"de\"},{\"@type\":[\"Person\",\"Organization\"],\"@id\":\"https:\\\/\\\/holundermaerchenmaedchen.com\\\/#\\\/schema\\\/person\\\/b9830c0b2b824fa31a5b0c1c59cbdf16\",\"name\":\"Petra Jurgeit\",\"image\":{\"@type\":\"ImageObject\",\"inLanguage\":\"de\",\"@id\":\"https:\\\/\\\/holundermaerchenmaedchen.com\\\/wp-content\\\/uploads\\\/2023\\\/05\\\/cropped-IMG_4393-2.jpeg\",\"url\":\"https:\\\/\\\/holundermaerchenmaedchen.com\\\/wp-content\\\/uploads\\\/2023\\\/05\\\/cropped-IMG_4393-2.jpeg\",\"contentUrl\":\"https:\\\/\\\/holundermaerchenmaedchen.com\\\/wp-content\\\/uploads\\\/2023\\\/05\\\/cropped-IMG_4393-2.jpeg\",\"width\":250,\"height\":250,\"caption\":\"Petra Jurgeit\"},\"logo\":{\"@id\":\"https:\\\/\\\/holundermaerchenmaedchen.com\\\/wp-content\\\/uploads\\\/2023\\\/05\\\/cropped-IMG_4393-2.jpeg\"},\"sameAs\":[\"https:\\\/\\\/holundermaerchenmaedchen.com\"]}]}<\/script>\n<!-- \/ Yoast SEO plugin. -->","yoast_head_json":{"title":"Lach-Events - Lachen \u00fcben und die Seele streicheln mit Petra Jurgeit","description":"Buche dein individuelles Lach-Event f\u00fcr private oder gesch\u00e4ftliche Anl\u00e4sse in Ostfriesland. Neue Lachideen und viel Freude warten auf dich!","robots":{"index":"index","follow":"follow","max-snippet":"max-snippet:-1","max-image-preview":"max-image-preview:large","max-video-preview":"max-video-preview:-1"},"canonical":"https:\/\/holundermaerchenmaedchen.com\/?page_id=74","og_locale":"de_DE","og_type":"article","og_title":"Lach-Events - Lachen \u00fcben und die Seele streicheln mit Petra Jurgeit","og_description":"Buche dein individuelles Lach-Event f\u00fcr private oder gesch\u00e4ftliche Anl\u00e4sse in Ostfriesland. Neue Lachideen und viel Freude warten auf dich!","og_url":"https:\/\/holundermaerchenmaedchen.com\/?page_id=74","og_site_name":"Lachen \u00fcben und die Seele streicheln mit Petra Jurgeit","article_modified_time":"2025-11-25T09:32:38+00:00","og_image":[{"width":1600,"height":1104,"url":"https:\/\/holundermaerchenmaedchen.com\/wp-content\/uploads\/2023\/06\/IMG_1193.jpeg","type":"image\/jpeg"}],"twitter_card":"summary_large_image","twitter_misc":{"Gesch\u00e4tzte Lesezeit":"3\u00a0Minuten"},"schema":{"@context":"https:\/\/schema.org","@graph":[{"@type":"WebPage","@id":"https:\/\/holundermaerchenmaedchen.com\/?page_id=74","url":"https:\/\/holundermaerchenmaedchen.com\/?page_id=74","name":"Lach-Events - Lachen \u00fcben und die Seele streicheln mit Petra Jurgeit","isPartOf":{"@id":"https:\/\/holundermaerchenmaedchen.com\/#website"},"primaryImageOfPage":{"@id":"https:\/\/holundermaerchenmaedchen.com\/?page_id=74#primaryimage"},"image":{"@id":"https:\/\/holundermaerchenmaedchen.com\/?page_id=74#primaryimage"},"thumbnailUrl":"https:\/\/holundermaerchenmaedchen.com\/wp-content\/uploads\/2023\/06\/IMG_1193.jpeg","datePublished":"2023-05-13T14:15:16+00:00","dateModified":"2025-11-25T09:32:38+00:00","description":"Buche dein individuelles Lach-Event f\u00fcr private oder gesch\u00e4ftliche Anl\u00e4sse in Ostfriesland. Neue Lachideen und viel Freude warten auf dich!","breadcrumb":{"@id":"https:\/\/holundermaerchenmaedchen.com\/?page_id=74#breadcrumb"},"inLanguage":"de","potentialAction":[{"@type":"ReadAction","target":["https:\/\/holundermaerchenmaedchen.com\/?page_id=74"]}]},{"@type":"ImageObject","inLanguage":"de","@id":"https:\/\/holundermaerchenmaedchen.com\/?page_id=74#primaryimage","url":"https:\/\/holundermaerchenmaedchen.com\/wp-content\/uploads\/2023\/06\/IMG_1193.jpeg","contentUrl":"https:\/\/holundermaerchenmaedchen.com\/wp-content\/uploads\/2023\/06\/IMG_1193.jpeg","width":1600,"height":1104},{"@type":"BreadcrumbList","@id":"https:\/\/holundermaerchenmaedchen.com\/?page_id=74#breadcrumb","itemListElement":[{"@type":"ListItem","position":1,"name":"Startseite","item":"https:\/\/holundermaerchenmaedchen.com\/"},{"@type":"ListItem","position":2,"name":"Lach-Events"}]},{"@type":"WebSite","@id":"https:\/\/holundermaerchenmaedchen.com\/#website","url":"https:\/\/holundermaerchenmaedchen.com\/","name":"Lachen \u00fcben und die Seele streicheln mit Petra Jurgeit","description":"m\u00e4rchenhaft und verspielt zur Inneren Heiterkeit","publisher":{"@id":"https:\/\/holundermaerchenmaedchen.com\/#\/schema\/person\/b9830c0b2b824fa31a5b0c1c59cbdf16"},"alternateName":"Lach- und Seelentraining","potentialAction":[{"@type":"SearchAction","target":{"@type":"EntryPoint","urlTemplate":"https:\/\/holundermaerchenmaedchen.com\/?s={search_term_string}"},"query-input":{"@type":"PropertyValueSpecification","valueRequired":true,"valueName":"search_term_string"}}],"inLanguage":"de"},{"@type":["Person","Organization"],"@id":"https:\/\/holundermaerchenmaedchen.com\/#\/schema\/person\/b9830c0b2b824fa31a5b0c1c59cbdf16","name":"Petra Jurgeit","image":{"@type":"ImageObject","inLanguage":"de","@id":"https:\/\/holundermaerchenmaedchen.com\/wp-content\/uploads\/2023\/05\/cropped-IMG_4393-2.jpeg","url":"https:\/\/holundermaerchenmaedchen.com\/wp-content\/uploads\/2023\/05\/cropped-IMG_4393-2.jpeg","contentUrl":"https:\/\/holundermaerchenmaedchen.com\/wp-content\/uploads\/2023\/05\/cropped-IMG_4393-2.jpeg","width":250,"height":250,"caption":"Petra Jurgeit"},"logo":{"@id":"https:\/\/holundermaerchenmaedchen.com\/wp-content\/uploads\/2023\/05\/cropped-IMG_4393-2.jpeg"},"sameAs":["https:\/\/holundermaerchenmaedchen.com"]}]}},"jetpack_likes_enabled":true,"jetpack_sharing_enabled":true,"_links":{"self":[{"href":"https:\/\/holundermaerchenmaedchen.com\/index.php?rest_route=\/wp\/v2\/pages\/74","targetHints":{"allow":["GET"]}}],"collection":[{"href":"https:\/\/holundermaerchenmaedchen.com\/index.php?rest_route=\/wp\/v2\/pages"}],"about":[{"href":"https:\/\/holundermaerchenmaedchen.com\/index.php?rest_route=\/wp\/v2\/types\/page"}],"author":[{"embeddable":true,"href":"https:\/\/holundermaerchenmaedchen.com\/index.php?rest_route=\/wp\/v2\/users\/2"}],"replies":[{"embeddable":true,"href":"https:\/\/holundermaerchenmaedchen.com\/index.php?rest_route=%2Fwp%2Fv2%2Fcomments&post=74"}],"version-history":[{"count":10,"href":"https:\/\/holundermaerchenmaedchen.com\/index.php?rest_route=\/wp\/v2\/pages\/74\/revisions"}],"predecessor-version":[{"id":1066,"href":"https:\/\/holundermaerchenmaedchen.com\/index.php?rest_route=\/wp\/v2\/pages\/74\/revisions\/1066"}],"wp:featuredmedia":[{"embeddable":true,"href":"https:\/\/holundermaerchenmaedchen.com\/index.php?rest_route=\/wp\/v2\/media\/409"}],"wp:attachment":[{"href":"https:\/\/holundermaerchenmaedchen.com\/index.php?rest_route=%2Fwp%2Fv2%2Fmedia&parent=74"}],"curies":[{"name":"wp","href":"https:\/\/api.w.org\/{rel}","templated":true}]}}