{"id":867,"date":"2025-06-17T15:25:09","date_gmt":"2025-06-17T15:25:09","guid":{"rendered":"https:\/\/holundermaerchenmaedchen.com\/?page_id=867"},"modified":"2025-06-18T09:56:01","modified_gmt":"2025-06-18T09:56:01","slug":"medien","status":"publish","type":"page","link":"https:\/\/holundermaerchenmaedchen.com\/?page_id=867","title":{"rendered":"Radio &amp; TV"},"content":{"rendered":"\n<p><strong>Mein Radio-Interview bei Radio FFH<\/strong><\/p>\n\n\n\n<p>Vor einem Jahr hatte ich die wunderbare Gelegenheit, Lachyoga bei Radio FFH vorzustellen. In diesen kurzen Audioausschnitten kannst du h\u00f6ren, wie ich die Kraft des Lachens und die Freude am Leben teile.<\/p>\n\n\n\n<p>Als ich im Rahmen der FFH Gl\u00fcckswoche bei Julia Nestle zum Interview eingeladen war hatte ich H\u00e4uptling Lachende Nudel dabei. Wir hatten viel Spa\u00df zusammen, wie man auf Mitschnitten h\u00f6ren kann. Viel Spa\u00df beim Lauschen.<br><br>Auf der FFH Magazin-Webseite kann die ganze 15 min\u00fctige Audio-Datei anh\u00f6ren.<br>Es gibt dort sogar ein kleines Video von FFH Moderatorin Julia Nestle und mir in dem ich mit ihr eine paar \u00dcbungen machen. <a href=\"https:\/\/www.ffh.de\/link\/fec562l\" rel=\"nofollow\">https:\/\/www.ffh.de\/link\/fec562l<\/a> &#8211;<\/p>\n\n\n\n<p><strong>Lass dich inspirieren und entdecke, wie Lachyoga auch dein Leben bereichern kann!<\/strong><\/p>\n\n\n\n<figure class=\"wp-block-audio\"><audio controls src=\"https:\/\/holundermaerchenmaedchen.com\/wp-content\/uploads\/2024\/02\/Lachyoga-Teaser-1.mp3\"><\/audio><figcaption class=\"wp-element-caption\">Mein Interview mit FFH Moderation Julia Nestle Teil 1:<\/figcaption><\/figure>\n\n\n\n<figure class=\"wp-block-audio\"><audio controls src=\"https:\/\/holundermaerchenmaedchen.com\/wp-content\/uploads\/2024\/02\/Lachyoga-Teaser-2.mp3\"><\/audio><figcaption class=\"wp-element-caption\">Mein Interview mit FFH Moderation Julia Nestle Teil 2<\/figcaption><\/figure>\n\n\n\n<figure class=\"wp-block-audio\"><audio controls src=\"https:\/\/holundermaerchenmaedchen.com\/wp-content\/uploads\/2024\/02\/Ausschnitt-1.mp3\"><\/audio><figcaption class=\"wp-element-caption\">Lachyoga &#8211; \u00dcbungen bei Radio FFH<\/figcaption><\/figure>\n\n\n\n<figure class=\"wp-block-audio\"><audio controls src=\"https:\/\/holundermaerchenmaedchen.com\/wp-content\/uploads\/2024\/02\/Ausschnitt-2.mp3\"><\/audio><figcaption class=\"wp-element-caption\">Ausschnitt vom Radio FFH Interview Teil 2<\/figcaption><\/figure>\n\n\n\n<p><\/p>\n\n\n\n<p><\/p>\n\n\n\n<p><\/p>\n","protected":false},"excerpt":{"rendered":"<p>Mein Radio-Interview bei Radio FFH Vor einem Jahr hatte ich die wunderbare Gelegenheit, Lachyoga bei Radio FFH vorzustellen. In diesen kurzen Audioausschnitten kannst du h\u00f6ren, wie ich die Kraft des Lachens und die Freude am Leben teile. Als ich im Rahmen der FFH Gl\u00fcckswoche bei Julia Nestle zum Interview eingeladen war hatte ich H\u00e4uptling Lachende &hellip; <\/p>\n<p class=\"link-more\"><a href=\"https:\/\/holundermaerchenmaedchen.com\/?page_id=867\" class=\"more-link\"><span class=\"screen-reader-text\">\u201eRadio &amp; TV\u201c<\/span> weiterlesen<\/a><\/p>\n","protected":false},"author":2,"featured_media":889,"parent":0,"menu_order":0,"comment_status":"closed","ping_status":"closed","template":"","meta":{"footnotes":""},"class_list":["post-867","page","type-page","status-publish","has-post-thumbnail","hentry"],"yoast_head":"<!-- This site is optimized with the Yoast SEO plugin v26.7 - https:\/\/yoast.com\/wordpress\/plugins\/seo\/ -->\n<title>Radio &amp; TV - Lachen \u00fcben und die Seele streicheln mit Petra Jurgeit<\/title>\n<meta name=\"robots\" content=\"index, follow, max-snippet:-1, max-image-preview:large, max-video-preview:-1\" \/>\n<link rel=\"canonical\" href=\"https:\/\/holundermaerchenmaedchen.com\/?page_id=867\" \/>\n<meta property=\"og:locale\" content=\"de_DE\" \/>\n<meta property=\"og:type\" content=\"article\" \/>\n<meta property=\"og:title\" content=\"Radio &amp; TV - Lachen \u00fcben und die Seele streicheln mit Petra Jurgeit\" \/>\n<meta property=\"og:description\" content=\"Mein Radio-Interview bei Radio FFH Vor einem Jahr hatte ich die wunderbare Gelegenheit, Lachyoga bei Radio FFH vorzustellen. In diesen kurzen Audioausschnitten kannst du h\u00f6ren, wie ich die Kraft des Lachens und die Freude am Leben teile. Als ich im Rahmen der FFH Gl\u00fcckswoche bei Julia Nestle zum Interview eingeladen war hatte ich H\u00e4uptling Lachende &hellip; \u201eRadio &amp; TV\u201c weiterlesen\" \/>\n<meta property=\"og:url\" content=\"https:\/\/holundermaerchenmaedchen.com\/?page_id=867\" \/>\n<meta property=\"og:site_name\" content=\"Lachen \u00fcben und die Seele streicheln mit Petra Jurgeit\" \/>\n<meta property=\"article:modified_time\" content=\"2025-06-18T09:56:01+00:00\" \/>\n<meta property=\"og:image\" content=\"https:\/\/holundermaerchenmaedchen.com\/wp-content\/uploads\/2025\/06\/IMG_1651.jpeg\" \/>\n\t<meta property=\"og:image:width\" content=\"1352\" \/>\n\t<meta property=\"og:image:height\" content=\"1072\" \/>\n\t<meta property=\"og:image:type\" content=\"image\/jpeg\" \/>\n<meta name=\"twitter:card\" content=\"summary_large_image\" \/>\n<meta name=\"twitter:label1\" content=\"Gesch\u00e4tzte Lesezeit\" \/>\n\t<meta name=\"twitter:data1\" content=\"2\u00a0Minuten\" \/>\n<script type=\"application\/ld+json\" class=\"yoast-schema-graph\">{\"@context\":\"https:\/\/schema.org\",\"@graph\":[{\"@type\":\"WebPage\",\"@id\":\"https:\/\/holundermaerchenmaedchen.com\/?page_id=867\",\"url\":\"https:\/\/holundermaerchenmaedchen.com\/?page_id=867\",\"name\":\"Radio &amp; TV - Lachen \u00fcben und die Seele streicheln mit Petra Jurgeit\",\"isPartOf\":{\"@id\":\"https:\/\/holundermaerchenmaedchen.com\/#website\"},\"primaryImageOfPage\":{\"@id\":\"https:\/\/holundermaerchenmaedchen.com\/?page_id=867#primaryimage\"},\"image\":{\"@id\":\"https:\/\/holundermaerchenmaedchen.com\/?page_id=867#primaryimage\"},\"thumbnailUrl\":\"https:\/\/holundermaerchenmaedchen.com\/wp-content\/uploads\/2025\/06\/IMG_1651.jpeg\",\"datePublished\":\"2025-06-17T15:25:09+00:00\",\"dateModified\":\"2025-06-18T09:56:01+00:00\",\"breadcrumb\":{\"@id\":\"https:\/\/holundermaerchenmaedchen.com\/?page_id=867#breadcrumb\"},\"inLanguage\":\"de\",\"potentialAction\":[{\"@type\":\"ReadAction\",\"target\":[\"https:\/\/holundermaerchenmaedchen.com\/?page_id=867\"]}]},{\"@type\":\"ImageObject\",\"inLanguage\":\"de\",\"@id\":\"https:\/\/holundermaerchenmaedchen.com\/?page_id=867#primaryimage\",\"url\":\"https:\/\/holundermaerchenmaedchen.com\/wp-content\/uploads\/2025\/06\/IMG_1651.jpeg\",\"contentUrl\":\"https:\/\/holundermaerchenmaedchen.com\/wp-content\/uploads\/2025\/06\/IMG_1651.jpeg\",\"width\":1352,\"height\":1072,\"caption\":\"Lachyoga bei FFH mit Julia Nestle\"},{\"@type\":\"BreadcrumbList\",\"@id\":\"https:\/\/holundermaerchenmaedchen.com\/?page_id=867#breadcrumb\",\"itemListElement\":[{\"@type\":\"ListItem\",\"position\":1,\"name\":\"Startseite\",\"item\":\"https:\/\/holundermaerchenmaedchen.com\/\"},{\"@type\":\"ListItem\",\"position\":2,\"name\":\"Radio &amp; TV\"}]},{\"@type\":\"WebSite\",\"@id\":\"https:\/\/holundermaerchenmaedchen.com\/#website\",\"url\":\"https:\/\/holundermaerchenmaedchen.com\/\",\"name\":\"Lachen \u00fcben und die Seele streicheln mit Petra Jurgeit\",\"description\":\"m\u00e4rchenhaft und verspielt zur Inneren Heiterkeit\",\"publisher\":{\"@id\":\"https:\/\/holundermaerchenmaedchen.com\/#\/schema\/person\/b9830c0b2b824fa31a5b0c1c59cbdf16\"},\"alternateName\":\"Lach- und Seelentraining\",\"potentialAction\":[{\"@type\":\"SearchAction\",\"target\":{\"@type\":\"EntryPoint\",\"urlTemplate\":\"https:\/\/holundermaerchenmaedchen.com\/?s={search_term_string}\"},\"query-input\":{\"@type\":\"PropertyValueSpecification\",\"valueRequired\":true,\"valueName\":\"search_term_string\"}}],\"inLanguage\":\"de\"},{\"@type\":[\"Person\",\"Organization\"],\"@id\":\"https:\/\/holundermaerchenmaedchen.com\/#\/schema\/person\/b9830c0b2b824fa31a5b0c1c59cbdf16\",\"name\":\"Petra Jurgeit\",\"image\":{\"@type\":\"ImageObject\",\"inLanguage\":\"de\",\"@id\":\"https:\/\/holundermaerchenmaedchen.com\/#\/schema\/person\/image\/\",\"url\":\"https:\/\/holundermaerchenmaedchen.com\/wp-content\/uploads\/2023\/05\/cropped-IMG_4393-2.jpeg\",\"contentUrl\":\"https:\/\/holundermaerchenmaedchen.com\/wp-content\/uploads\/2023\/05\/cropped-IMG_4393-2.jpeg\",\"width\":250,\"height\":250,\"caption\":\"Petra Jurgeit\"},\"logo\":{\"@id\":\"https:\/\/holundermaerchenmaedchen.com\/#\/schema\/person\/image\/\"},\"sameAs\":[\"https:\/\/holundermaerchenmaedchen.com\"]}]}<\/script>\n<!-- \/ Yoast SEO plugin. -->","yoast_head_json":{"title":"Radio &amp; TV - Lachen \u00fcben und die Seele streicheln mit Petra Jurgeit","robots":{"index":"index","follow":"follow","max-snippet":"max-snippet:-1","max-image-preview":"max-image-preview:large","max-video-preview":"max-video-preview:-1"},"canonical":"https:\/\/holundermaerchenmaedchen.com\/?page_id=867","og_locale":"de_DE","og_type":"article","og_title":"Radio &amp; TV - Lachen \u00fcben und die Seele streicheln mit Petra Jurgeit","og_description":"Mein Radio-Interview bei Radio FFH Vor einem Jahr hatte ich die wunderbare Gelegenheit, Lachyoga bei Radio FFH vorzustellen. In diesen kurzen Audioausschnitten kannst du h\u00f6ren, wie ich die Kraft des Lachens und die Freude am Leben teile. Als ich im Rahmen der FFH Gl\u00fcckswoche bei Julia Nestle zum Interview eingeladen war hatte ich H\u00e4uptling Lachende &hellip; \u201eRadio &amp; TV\u201c weiterlesen","og_url":"https:\/\/holundermaerchenmaedchen.com\/?page_id=867","og_site_name":"Lachen \u00fcben und die Seele streicheln mit Petra Jurgeit","article_modified_time":"2025-06-18T09:56:01+00:00","og_image":[{"width":1352,"height":1072,"url":"https:\/\/holundermaerchenmaedchen.com\/wp-content\/uploads\/2025\/06\/IMG_1651.jpeg","type":"image\/jpeg"}],"twitter_card":"summary_large_image","twitter_misc":{"Gesch\u00e4tzte Lesezeit":"2\u00a0Minuten"},"schema":{"@context":"https:\/\/schema.org","@graph":[{"@type":"WebPage","@id":"https:\/\/holundermaerchenmaedchen.com\/?page_id=867","url":"https:\/\/holundermaerchenmaedchen.com\/?page_id=867","name":"Radio &amp; TV - Lachen \u00fcben und die Seele streicheln mit Petra Jurgeit","isPartOf":{"@id":"https:\/\/holundermaerchenmaedchen.com\/#website"},"primaryImageOfPage":{"@id":"https:\/\/holundermaerchenmaedchen.com\/?page_id=867#primaryimage"},"image":{"@id":"https:\/\/holundermaerchenmaedchen.com\/?page_id=867#primaryimage"},"thumbnailUrl":"https:\/\/holundermaerchenmaedchen.com\/wp-content\/uploads\/2025\/06\/IMG_1651.jpeg","datePublished":"2025-06-17T15:25:09+00:00","dateModified":"2025-06-18T09:56:01+00:00","breadcrumb":{"@id":"https:\/\/holundermaerchenmaedchen.com\/?page_id=867#breadcrumb"},"inLanguage":"de","potentialAction":[{"@type":"ReadAction","target":["https:\/\/holundermaerchenmaedchen.com\/?page_id=867"]}]},{"@type":"ImageObject","inLanguage":"de","@id":"https:\/\/holundermaerchenmaedchen.com\/?page_id=867#primaryimage","url":"https:\/\/holundermaerchenmaedchen.com\/wp-content\/uploads\/2025\/06\/IMG_1651.jpeg","contentUrl":"https:\/\/holundermaerchenmaedchen.com\/wp-content\/uploads\/2025\/06\/IMG_1651.jpeg","width":1352,"height":1072,"caption":"Lachyoga bei FFH mit Julia Nestle"},{"@type":"BreadcrumbList","@id":"https:\/\/holundermaerchenmaedchen.com\/?page_id=867#breadcrumb","itemListElement":[{"@type":"ListItem","position":1,"name":"Startseite","item":"https:\/\/holundermaerchenmaedchen.com\/"},{"@type":"ListItem","position":2,"name":"Radio &amp; TV"}]},{"@type":"WebSite","@id":"https:\/\/holundermaerchenmaedchen.com\/#website","url":"https:\/\/holundermaerchenmaedchen.com\/","name":"Lachen \u00fcben und die Seele streicheln mit Petra Jurgeit","description":"m\u00e4rchenhaft und verspielt zur Inneren Heiterkeit","publisher":{"@id":"https:\/\/holundermaerchenmaedchen.com\/#\/schema\/person\/b9830c0b2b824fa31a5b0c1c59cbdf16"},"alternateName":"Lach- und Seelentraining","potentialAction":[{"@type":"SearchAction","target":{"@type":"EntryPoint","urlTemplate":"https:\/\/holundermaerchenmaedchen.com\/?s={search_term_string}"},"query-input":{"@type":"PropertyValueSpecification","valueRequired":true,"valueName":"search_term_string"}}],"inLanguage":"de"},{"@type":["Person","Organization"],"@id":"https:\/\/holundermaerchenmaedchen.com\/#\/schema\/person\/b9830c0b2b824fa31a5b0c1c59cbdf16","name":"Petra Jurgeit","image":{"@type":"ImageObject","inLanguage":"de","@id":"https:\/\/holundermaerchenmaedchen.com\/#\/schema\/person\/image\/","url":"https:\/\/holundermaerchenmaedchen.com\/wp-content\/uploads\/2023\/05\/cropped-IMG_4393-2.jpeg","contentUrl":"https:\/\/holundermaerchenmaedchen.com\/wp-content\/uploads\/2023\/05\/cropped-IMG_4393-2.jpeg","width":250,"height":250,"caption":"Petra Jurgeit"},"logo":{"@id":"https:\/\/holundermaerchenmaedchen.com\/#\/schema\/person\/image\/"},"sameAs":["https:\/\/holundermaerchenmaedchen.com"]}]}},"jetpack_likes_enabled":true,"jetpack_sharing_enabled":true,"_links":{"self":[{"href":"https:\/\/holundermaerchenmaedchen.com\/index.php?rest_route=\/wp\/v2\/pages\/867","targetHints":{"allow":["GET"]}}],"collection":[{"href":"https:\/\/holundermaerchenmaedchen.com\/index.php?rest_route=\/wp\/v2\/pages"}],"about":[{"href":"https:\/\/holundermaerchenmaedchen.com\/index.php?rest_route=\/wp\/v2\/types\/page"}],"author":[{"embeddable":true,"href":"https:\/\/holundermaerchenmaedchen.com\/index.php?rest_route=\/wp\/v2\/users\/2"}],"replies":[{"embeddable":true,"href":"https:\/\/holundermaerchenmaedchen.com\/index.php?rest_route=%2Fwp%2Fv2%2Fcomments&post=867"}],"version-history":[{"count":8,"href":"https:\/\/holundermaerchenmaedchen.com\/index.php?rest_route=\/wp\/v2\/pages\/867\/revisions"}],"predecessor-version":[{"id":891,"href":"https:\/\/holundermaerchenmaedchen.com\/index.php?rest_route=\/wp\/v2\/pages\/867\/revisions\/891"}],"wp:featuredmedia":[{"embeddable":true,"href":"https:\/\/holundermaerchenmaedchen.com\/index.php?rest_route=\/wp\/v2\/media\/889"}],"wp:attachment":[{"href":"https:\/\/holundermaerchenmaedchen.com\/index.php?rest_route=%2Fwp%2Fv2%2Fmedia&parent=867"}],"curies":[{"name":"wp","href":"https:\/\/api.w.org\/{rel}","templated":true}]}}