{"id":9,"date":"2023-05-13T10:12:40","date_gmt":"2023-05-13T10:12:40","guid":{"rendered":"https:\/\/holundermaerchenmaedchen.com\/?page_id=9"},"modified":"2025-11-26T14:19:54","modified_gmt":"2025-11-26T14:19:54","slug":"seite1immenue1","status":"publish","type":"page","link":"https:\/\/holundermaerchenmaedchen.com\/","title":{"rendered":"Start"},"content":{"rendered":"\n<div class=\"wp-block-columns is-layout-flex wp-container-core-columns-is-layout-9d6595d7 wp-block-columns-is-layout-flex\">\n<div class=\"wp-block-column is-layout-flow wp-block-column-is-layout-flow\" style=\"flex-basis:66.66%\">\n<p>Gl\u00fcckliche Momente in Ostfriesland: Lachyoga f\u00fcr K\u00f6rper, Geist und Seele<\/p>\n\n\n\n<p>Herzlich Willkommen in meiner Holunder-M\u00e4rchen-M\u00e4dchen Welt. <br><br>Auf dem Beitragsbild strahlt dir zur Begr\u00fc\u00dfung ein lachender Buddha entgegen \u2013 ein Symbol f\u00fcr die heilende Kraft des Lachens und der inneren Freude.<br><br>Lachyoga, die Kunst des bewussten Lachens, macht nicht nur gl\u00fccklich, sondern schenkt dir auch Leichtigkeit, Energie und Gelassenheit. Die Kombination von Lach-, Atem-, Dehnungs-, und Bewegungseinheiten setzt Gl\u00fcckshormone frei, die K\u00f6rper, Geist und Seele auf heitere Weise in Einklang bringen.<\/p>\n\n\n\n<h2 class=\"wp-block-heading\">Warum HolunderM\u00e4rchenM\u00e4dchen?<\/h2>\n\n\n\n<p>Holunder, die kraftvolle Pflanze, steht f\u00fcr Schutz und Lebensfreude, w\u00e4hrend M\u00e4rchen uns mit ihrer Magie daran erinnern, dass das Leben voller Wunder steckt. <br><br>Das M\u00e4dchen symbolisiert die kindliche Neugier und die Freude am Entdecken. Zusammen laden wir dich ein, mit spielerischer Leichtigkeit und einem Lachen im Herzen deine eigene Gl\u00fccksgeschichte zu schreiben.<br><br>Zusammengefasst kann man sagen, dass \u201eHolunderM\u00e4rchenM\u00e4dchen\u201c f\u00fcr meine Werte steht, die mir bei meiner Arbeit wichtig sind und mich inspirieren, damit m\u00e4rchenhafte und fantasievolle \u00dcbungen entstehen. <\/p>\n\n\n\n<p>So unterst\u00fctzen mich nicht nur im Lachyoga, sondern auch im heiteren Team-Coaching oder in der Beratung so manche zauberhafte Wesen wie der H\u00e4uptling lachende Nudel, alle m\u00f6glichen Wichtel, ein gespr\u00e4chiger Holunder und viele andere Figuren aus der Fantasiewelt.<\/p>\n\n\n\n<h2 class=\"wp-block-heading\">F\u00fcr wen bin ich da?<\/h2>\n\n\n\n<p>Mit meinem Angebot m\u00f6chte ich haupts\u00e4chlich Dienstleistungs-Teams helfen auch Dienst an sich selbst zu leisten, damit das t\u00e4gliche \u201eService- Lachen\u201c echt bleibt und  im Berufsalltag Geist und Seele streichelt. Dabei liegen mir speziell Frauen aus der IT-Branche und Gesundheitsbranche besonders am Herzen &#8211; Ganz einfach, weil ich selbst mehr als 20 Jahre als IT-F\u00fchrungskraft und 10 Jahre im Gesundheitswesen t\u00e4tig war. <\/p>\n\n\n\n<p>Nat\u00fcrlich stehe ich mit meinem Angebot auch allen Privatpersonen und Menschen aus anderen Branchen offen zur Seite, die sich selbst und ihrem Wohlbefinden etwas Gutes tun m\u00f6chten.<\/p>\n\n\n\n<p>Denn: <\/p>\n<\/div>\n<\/div>\n\n\n\n<figure class=\"wp-block-pullquote has-small-font-size\"><blockquote><p>Wir lachen nicht, weil wir gl\u00fccklich sind, sondern wir sind gl\u00fccklich, weil wir lachen!<\/p><cite>Dr. Madan Kataria, indischer Arzt und Erfinder des Lachyogas<\/cite><\/blockquote><\/figure>\n\n\n\n<p>Lachen ist die beste Medizin und Krafttraining f\u00fcr die Seele.<\/p>\n\n\n\n<p>Unsere Zellen lieben es, wenn wir lachen, gerne auch ganz ohne Grund!<br>Lachen ist eine Art Bewusstseins-Erheiterung, wenn wir wirklich bewusst lachen und in einen Zustand kindlicher Verspieltheit gelangen.&nbsp;<\/p>\n\n\n\n<h2 class=\"wp-block-heading\">Wie l\u00e4uft eine Lachyoga-Stunde ab?<\/h2>\n\n\n\n<p>Die Lach\u00fcbungen werden mit pantomimischen K\u00f6rperbewegungen von mir m\u00e4rchenhaft verspielt angeleitet und mit Liebe und Fantasie durchgef\u00fchrt.&nbsp;Der Aufbau einer Stunde ist \u00e4hnlich, aber nicht immer gleich.<\/p>\n\n\n\n<p><strong>M\u00f6glicher Aufbau \/ Inhalt einer Stunde&nbsp;<\/strong><\/p>\n\n\n\n<p class=\"has-medium-font-size\">Lockerungs- und Dehnungs\u00fcbung<\/p>\n\n\n\n<p class=\"has-medium-font-size\">Begr\u00fc\u00dfung und Einf\u00fchrung<\/p>\n\n\n\n<p class=\"has-medium-font-size\">Atem\u00fcbungStehende Lach\u00fcbung<\/p>\n\n\n\n<p class=\"has-medium-font-size\">Sitzende Lach\u00fcbung<\/p>\n\n\n\n<p class=\"has-medium-font-size\">Dynamische Lach\u00fcbung<\/p>\n\n\n\n<p class=\"has-medium-font-size\">Lachmeditation<\/p>\n\n\n\n<p class=\"has-medium-font-size\">Gef\u00fchrte Entspannungs\u00fcbung<\/p>\n\n\n\n<p class=\"has-medium-font-size\">Abschlu\u00df &#8211; Feedback-Runde<br><br>Abschlie\u00dfend kann man noch sagen, dass jede Stunde ein anderes Thema hat oder eine andere Geschichte. So ist ein Neueinstieg jederzeit m\u00f6glich und f\u00fcr langfristige TeilnehmerInnen bleibt es\u00a0 abwechslungsreich \ud83d\ude42<\/p>\n","protected":false},"excerpt":{"rendered":"<p>Gl\u00fcckliche Momente in Ostfriesland: Lachyoga f\u00fcr K\u00f6rper, Geist und Seele Herzlich Willkommen in meiner Holunder-M\u00e4rchen-M\u00e4dchen Welt. Auf dem Beitragsbild strahlt dir zur Begr\u00fc\u00dfung ein lachender Buddha entgegen \u2013 ein Symbol f\u00fcr die heilende Kraft des Lachens und der inneren Freude. Lachyoga, die Kunst des bewussten Lachens, macht nicht nur gl\u00fccklich, sondern schenkt dir auch Leichtigkeit, &hellip; <\/p>\n<p class=\"link-more\"><a href=\"https:\/\/holundermaerchenmaedchen.com\/\" class=\"more-link\"><span class=\"screen-reader-text\">\u201eStart\u201c<\/span> weiterlesen<\/a><\/p>\n","protected":false},"author":2,"featured_media":885,"parent":0,"menu_order":0,"comment_status":"closed","ping_status":"closed","template":"","meta":{"footnotes":""},"class_list":["post-9","page","type-page","status-publish","has-post-thumbnail","hentry"],"yoast_head":"<!-- This site is optimized with the Yoast SEO plugin v27.3 - https:\/\/yoast.com\/product\/yoast-seo-wordpress\/ -->\n<title>Lachyoga Ostfriesland: Entspannung f\u00fcr die Seele - Lachen \u00fcben und die Seele streicheln mit Petra Jurgeit %<\/title>\n<meta name=\"description\" content=\"\u00dcbe regelm\u00e4\u00dfig Lachyoga Ostfriesland im Kreis Aurich mit Petra Jurgeit. Das ist ein Gesundheitstraining f\u00fcr K\u00f6rper, Geist und Seele.\" \/>\n<meta name=\"robots\" content=\"index, follow, max-snippet:-1, max-image-preview:large, max-video-preview:-1\" \/>\n<link rel=\"canonical\" href=\"https:\/\/holundermaerchenmaedchen.com\/\" \/>\n<meta property=\"og:locale\" content=\"de_DE\" \/>\n<meta property=\"og:type\" content=\"article\" \/>\n<meta property=\"og:title\" content=\"Lachyoga Ostfriesland: Entspannung f\u00fcr die Seele - Lachen \u00fcben und die Seele streicheln mit Petra Jurgeit %\" \/>\n<meta property=\"og:description\" content=\"\u00dcbe regelm\u00e4\u00dfig Lachyoga Ostfriesland im Kreis Aurich mit Petra Jurgeit. Das ist ein Gesundheitstraining f\u00fcr K\u00f6rper, Geist und Seele.\" \/>\n<meta property=\"og:url\" content=\"https:\/\/holundermaerchenmaedchen.com\/\" \/>\n<meta property=\"og:site_name\" content=\"Lachen \u00fcben und die Seele streicheln mit Petra Jurgeit\" \/>\n<meta property=\"article:modified_time\" content=\"2025-11-26T14:19:54+00:00\" \/>\n<meta property=\"og:image\" content=\"https:\/\/holundermaerchenmaedchen.com\/wp-content\/uploads\/2025\/06\/IMG_1660.jpeg\" \/>\n\t<meta property=\"og:image:width\" content=\"1472\" \/>\n\t<meta property=\"og:image:height\" content=\"832\" \/>\n\t<meta property=\"og:image:type\" content=\"image\/jpeg\" \/>\n<meta name=\"twitter:card\" content=\"summary_large_image\" \/>\n<meta name=\"twitter:label1\" content=\"Gesch\u00e4tzte Lesezeit\" \/>\n\t<meta name=\"twitter:data1\" content=\"3\u00a0Minuten\" \/>\n<script type=\"application\/ld+json\" class=\"yoast-schema-graph\">{\"@context\":\"https:\\\/\\\/schema.org\",\"@graph\":[{\"@type\":\"WebPage\",\"@id\":\"https:\\\/\\\/holundermaerchenmaedchen.com\\\/\",\"url\":\"https:\\\/\\\/holundermaerchenmaedchen.com\\\/\",\"name\":\"Lachyoga Ostfriesland: Entspannung f\u00fcr die Seele - Lachen \u00fcben und die Seele streicheln mit Petra Jurgeit %\",\"isPartOf\":{\"@id\":\"https:\\\/\\\/holundermaerchenmaedchen.com\\\/#website\"},\"primaryImageOfPage\":{\"@id\":\"https:\\\/\\\/holundermaerchenmaedchen.com\\\/#primaryimage\"},\"image\":{\"@id\":\"https:\\\/\\\/holundermaerchenmaedchen.com\\\/#primaryimage\"},\"thumbnailUrl\":\"https:\\\/\\\/holundermaerchenmaedchen.com\\\/wp-content\\\/uploads\\\/2025\\\/06\\\/IMG_1660.jpeg\",\"datePublished\":\"2023-05-13T10:12:40+00:00\",\"dateModified\":\"2025-11-26T14:19:54+00:00\",\"description\":\"\u00dcbe regelm\u00e4\u00dfig Lachyoga Ostfriesland im Kreis Aurich mit Petra Jurgeit. Das ist ein Gesundheitstraining f\u00fcr K\u00f6rper, Geist und Seele.\",\"breadcrumb\":{\"@id\":\"https:\\\/\\\/holundermaerchenmaedchen.com\\\/#breadcrumb\"},\"inLanguage\":\"de\",\"potentialAction\":[{\"@type\":\"ReadAction\",\"target\":[\"https:\\\/\\\/holundermaerchenmaedchen.com\\\/\"]}]},{\"@type\":\"ImageObject\",\"inLanguage\":\"de\",\"@id\":\"https:\\\/\\\/holundermaerchenmaedchen.com\\\/#primaryimage\",\"url\":\"https:\\\/\\\/holundermaerchenmaedchen.com\\\/wp-content\\\/uploads\\\/2025\\\/06\\\/IMG_1660.jpeg\",\"contentUrl\":\"https:\\\/\\\/holundermaerchenmaedchen.com\\\/wp-content\\\/uploads\\\/2025\\\/06\\\/IMG_1660.jpeg\",\"width\":1472,\"height\":832,\"caption\":\"Warum Lachyoga gl\u00fccklich macht\"},{\"@type\":\"BreadcrumbList\",\"@id\":\"https:\\\/\\\/holundermaerchenmaedchen.com\\\/#breadcrumb\",\"itemListElement\":[{\"@type\":\"ListItem\",\"position\":1,\"name\":\"Startseite\",\"item\":\"https:\\\/\\\/holundermaerchenmaedchen.com\\\/\"},{\"@type\":\"ListItem\",\"position\":2,\"name\":\"Start\"}]},{\"@type\":\"WebSite\",\"@id\":\"https:\\\/\\\/holundermaerchenmaedchen.com\\\/#website\",\"url\":\"https:\\\/\\\/holundermaerchenmaedchen.com\\\/\",\"name\":\"Lachen \u00fcben und die Seele streicheln mit Petra Jurgeit\",\"description\":\"m\u00e4rchenhaft und verspielt zur Inneren Heiterkeit\",\"publisher\":{\"@id\":\"https:\\\/\\\/holundermaerchenmaedchen.com\\\/#\\\/schema\\\/person\\\/b9830c0b2b824fa31a5b0c1c59cbdf16\"},\"alternateName\":\"Lach- und Seelentraining\",\"potentialAction\":[{\"@type\":\"SearchAction\",\"target\":{\"@type\":\"EntryPoint\",\"urlTemplate\":\"https:\\\/\\\/holundermaerchenmaedchen.com\\\/?s={search_term_string}\"},\"query-input\":{\"@type\":\"PropertyValueSpecification\",\"valueRequired\":true,\"valueName\":\"search_term_string\"}}],\"inLanguage\":\"de\"},{\"@type\":[\"Person\",\"Organization\"],\"@id\":\"https:\\\/\\\/holundermaerchenmaedchen.com\\\/#\\\/schema\\\/person\\\/b9830c0b2b824fa31a5b0c1c59cbdf16\",\"name\":\"Petra Jurgeit\",\"image\":{\"@type\":\"ImageObject\",\"inLanguage\":\"de\",\"@id\":\"https:\\\/\\\/holundermaerchenmaedchen.com\\\/wp-content\\\/uploads\\\/2023\\\/05\\\/cropped-IMG_4393-2.jpeg\",\"url\":\"https:\\\/\\\/holundermaerchenmaedchen.com\\\/wp-content\\\/uploads\\\/2023\\\/05\\\/cropped-IMG_4393-2.jpeg\",\"contentUrl\":\"https:\\\/\\\/holundermaerchenmaedchen.com\\\/wp-content\\\/uploads\\\/2023\\\/05\\\/cropped-IMG_4393-2.jpeg\",\"width\":250,\"height\":250,\"caption\":\"Petra Jurgeit\"},\"logo\":{\"@id\":\"https:\\\/\\\/holundermaerchenmaedchen.com\\\/wp-content\\\/uploads\\\/2023\\\/05\\\/cropped-IMG_4393-2.jpeg\"},\"sameAs\":[\"https:\\\/\\\/holundermaerchenmaedchen.com\"]}]}<\/script>\n<!-- \/ Yoast SEO plugin. -->","yoast_head_json":{"title":"Lachyoga Ostfriesland: Entspannung f\u00fcr die Seele - Lachen \u00fcben und die Seele streicheln mit Petra Jurgeit %","description":"\u00dcbe regelm\u00e4\u00dfig Lachyoga Ostfriesland im Kreis Aurich mit Petra Jurgeit. Das ist ein Gesundheitstraining f\u00fcr K\u00f6rper, Geist und Seele.","robots":{"index":"index","follow":"follow","max-snippet":"max-snippet:-1","max-image-preview":"max-image-preview:large","max-video-preview":"max-video-preview:-1"},"canonical":"https:\/\/holundermaerchenmaedchen.com\/","og_locale":"de_DE","og_type":"article","og_title":"Lachyoga Ostfriesland: Entspannung f\u00fcr die Seele - Lachen \u00fcben und die Seele streicheln mit Petra Jurgeit %","og_description":"\u00dcbe regelm\u00e4\u00dfig Lachyoga Ostfriesland im Kreis Aurich mit Petra Jurgeit. Das ist ein Gesundheitstraining f\u00fcr K\u00f6rper, Geist und Seele.","og_url":"https:\/\/holundermaerchenmaedchen.com\/","og_site_name":"Lachen \u00fcben und die Seele streicheln mit Petra Jurgeit","article_modified_time":"2025-11-26T14:19:54+00:00","og_image":[{"width":1472,"height":832,"url":"https:\/\/holundermaerchenmaedchen.com\/wp-content\/uploads\/2025\/06\/IMG_1660.jpeg","type":"image\/jpeg"}],"twitter_card":"summary_large_image","twitter_misc":{"Gesch\u00e4tzte Lesezeit":"3\u00a0Minuten"},"schema":{"@context":"https:\/\/schema.org","@graph":[{"@type":"WebPage","@id":"https:\/\/holundermaerchenmaedchen.com\/","url":"https:\/\/holundermaerchenmaedchen.com\/","name":"Lachyoga Ostfriesland: Entspannung f\u00fcr die Seele - Lachen \u00fcben und die Seele streicheln mit Petra Jurgeit %","isPartOf":{"@id":"https:\/\/holundermaerchenmaedchen.com\/#website"},"primaryImageOfPage":{"@id":"https:\/\/holundermaerchenmaedchen.com\/#primaryimage"},"image":{"@id":"https:\/\/holundermaerchenmaedchen.com\/#primaryimage"},"thumbnailUrl":"https:\/\/holundermaerchenmaedchen.com\/wp-content\/uploads\/2025\/06\/IMG_1660.jpeg","datePublished":"2023-05-13T10:12:40+00:00","dateModified":"2025-11-26T14:19:54+00:00","description":"\u00dcbe regelm\u00e4\u00dfig Lachyoga Ostfriesland im Kreis Aurich mit Petra Jurgeit. Das ist ein Gesundheitstraining f\u00fcr K\u00f6rper, Geist und Seele.","breadcrumb":{"@id":"https:\/\/holundermaerchenmaedchen.com\/#breadcrumb"},"inLanguage":"de","potentialAction":[{"@type":"ReadAction","target":["https:\/\/holundermaerchenmaedchen.com\/"]}]},{"@type":"ImageObject","inLanguage":"de","@id":"https:\/\/holundermaerchenmaedchen.com\/#primaryimage","url":"https:\/\/holundermaerchenmaedchen.com\/wp-content\/uploads\/2025\/06\/IMG_1660.jpeg","contentUrl":"https:\/\/holundermaerchenmaedchen.com\/wp-content\/uploads\/2025\/06\/IMG_1660.jpeg","width":1472,"height":832,"caption":"Warum Lachyoga gl\u00fccklich macht"},{"@type":"BreadcrumbList","@id":"https:\/\/holundermaerchenmaedchen.com\/#breadcrumb","itemListElement":[{"@type":"ListItem","position":1,"name":"Startseite","item":"https:\/\/holundermaerchenmaedchen.com\/"},{"@type":"ListItem","position":2,"name":"Start"}]},{"@type":"WebSite","@id":"https:\/\/holundermaerchenmaedchen.com\/#website","url":"https:\/\/holundermaerchenmaedchen.com\/","name":"Lachen \u00fcben und die Seele streicheln mit Petra Jurgeit","description":"m\u00e4rchenhaft und verspielt zur Inneren Heiterkeit","publisher":{"@id":"https:\/\/holundermaerchenmaedchen.com\/#\/schema\/person\/b9830c0b2b824fa31a5b0c1c59cbdf16"},"alternateName":"Lach- und Seelentraining","potentialAction":[{"@type":"SearchAction","target":{"@type":"EntryPoint","urlTemplate":"https:\/\/holundermaerchenmaedchen.com\/?s={search_term_string}"},"query-input":{"@type":"PropertyValueSpecification","valueRequired":true,"valueName":"search_term_string"}}],"inLanguage":"de"},{"@type":["Person","Organization"],"@id":"https:\/\/holundermaerchenmaedchen.com\/#\/schema\/person\/b9830c0b2b824fa31a5b0c1c59cbdf16","name":"Petra Jurgeit","image":{"@type":"ImageObject","inLanguage":"de","@id":"https:\/\/holundermaerchenmaedchen.com\/wp-content\/uploads\/2023\/05\/cropped-IMG_4393-2.jpeg","url":"https:\/\/holundermaerchenmaedchen.com\/wp-content\/uploads\/2023\/05\/cropped-IMG_4393-2.jpeg","contentUrl":"https:\/\/holundermaerchenmaedchen.com\/wp-content\/uploads\/2023\/05\/cropped-IMG_4393-2.jpeg","width":250,"height":250,"caption":"Petra Jurgeit"},"logo":{"@id":"https:\/\/holundermaerchenmaedchen.com\/wp-content\/uploads\/2023\/05\/cropped-IMG_4393-2.jpeg"},"sameAs":["https:\/\/holundermaerchenmaedchen.com"]}]}},"jetpack_likes_enabled":true,"jetpack_sharing_enabled":true,"_links":{"self":[{"href":"https:\/\/holundermaerchenmaedchen.com\/index.php?rest_route=\/wp\/v2\/pages\/9","targetHints":{"allow":["GET"]}}],"collection":[{"href":"https:\/\/holundermaerchenmaedchen.com\/index.php?rest_route=\/wp\/v2\/pages"}],"about":[{"href":"https:\/\/holundermaerchenmaedchen.com\/index.php?rest_route=\/wp\/v2\/types\/page"}],"author":[{"embeddable":true,"href":"https:\/\/holundermaerchenmaedchen.com\/index.php?rest_route=\/wp\/v2\/users\/2"}],"replies":[{"embeddable":true,"href":"https:\/\/holundermaerchenmaedchen.com\/index.php?rest_route=%2Fwp%2Fv2%2Fcomments&post=9"}],"version-history":[{"count":90,"href":"https:\/\/holundermaerchenmaedchen.com\/index.php?rest_route=\/wp\/v2\/pages\/9\/revisions"}],"predecessor-version":[{"id":1094,"href":"https:\/\/holundermaerchenmaedchen.com\/index.php?rest_route=\/wp\/v2\/pages\/9\/revisions\/1094"}],"wp:featuredmedia":[{"embeddable":true,"href":"https:\/\/holundermaerchenmaedchen.com\/index.php?rest_route=\/wp\/v2\/media\/885"}],"wp:attachment":[{"href":"https:\/\/holundermaerchenmaedchen.com\/index.php?rest_route=%2Fwp%2Fv2%2Fmedia&parent=9"}],"curies":[{"name":"wp","href":"https:\/\/api.w.org\/{rel}","templated":true}]}}